{"id":2922,"date":"2015-10-15T08:03:42","date_gmt":"2015-10-15T08:03:42","guid":{"rendered":"http:\/\/wordpress.seegasthof.net\/?page_id=2922"},"modified":"2025-01-26T10:36:57","modified_gmt":"2025-01-26T10:36:57","slug":"hotel","status":"publish","type":"page","link":"https:\/\/seegasthof.net\/en\/hotel\/","title":{"rendered":"Hotel"},"content":{"rendered":"<p><section class=\"fw-main-row has-parallax\" style=\"background-color:rgba(0,0,0,0.4);padding-top:150px;padding-bottom:80px;\"  >\n\t<div class=\"fw-main-row-bg\" style=\"background-image:url(https:\/\/seegasthof.net\/wp-content\/uploads\/2015\/10\/header11.jpg); \" data-top-bottom=\"transform: translateY(150px);\" data-bottom-top=\"transform: translateY(0px);\"><\/div>\n\t<div class=\"fw-main-row-overlay\" style=\"background-color:rgba(0,0,0,0.4);\"><\/div>\n\t<div class=\"fw-container-fluid no-gutter\">\n\t\t<div class=\"fw-row\">\n\t<div class=\"fw-col-xs-12\">\n\t<div class=\"fw-col-inner\" style=\"color:;padding-top:px;padding-right:px;padding-bottom:px;padding-left:px;\">\n\t\t<div class=\"overlay\" style=\"background-color:;\"><\/div>\n\t\t<div class=\"fw-col-content\">\n\t\t\t\n<div class=\"ht-intro\" style=\"color: #ffffff\">\n\t<div class=\"entry-content\">\n\t\t\t\t\t\t\t<p class=\"mid-line\">The Hotel<\/p>\n\t\t\t\t\t\t\t<p class=\"bot-line\">Rest and relaxation at the Espachweiler lake<\/p>\n\t\t\t<\/div>\n\t<!-- \/.entry-content -->\n<\/div>\n<!-- \/.ht-feature-boxes -->\t\t<\/div>\n\t<\/div>\n<\/div><\/div>\n\n\t<\/div>\n<\/section>\n<section class=\"fw-main-row\" style=\"\"  >\n\t<div class=\"fw-main-row-bg\" style=\" \" ><\/div>\n\t<div class=\"fw-main-row-overlay\" ><\/div>\n\t<div class=\"fw-container\">\n\t\t<div class=\"fw-row\">\n\t<div class=\"fw-col-xs-12\">\n\t<div class=\"fw-col-inner\" style=\"color:;padding-top:px;padding-right:px;padding-bottom:px;padding-left:px;\">\n\t\t<div class=\"overlay\" style=\"background-color:;\"><\/div>\n\t\t<div class=\"fw-col-content\">\n\t\t\t\n\t<div class=\"fw-divider-space\" style=\"padding-top: 40px;\"><\/div>\n\t\t<\/div>\n\t<\/div>\n<\/div><\/div>\n\n<div class=\"fw-row\">\n\t<div class=\"fw-col-xs-12\">\n\t<div class=\"fw-col-inner\" style=\"color:;padding-top:px;padding-right:px;padding-bottom:px;padding-left:px;\">\n\t\t<div class=\"overlay\" style=\"background-color:;\"><\/div>\n\t\t<div class=\"fw-col-content\">\n\t\t\t<div class=\"ht-text-block\" style=\"font-size: px; padding: 0 0;\">\n\t<h1>Stay overnight at the Seegasthof<\/h1><p>Fernab vom gro\u00dfen Stra\u00dfenverkehr erwartet Sie ein idyllisch gelegenes Haus. Gegen\u00fcber des Espachweiler Sees, mit nahegelegenen Rad- und Wanderwegen, finden Sie die Ruhe mal richtig auszuspannen.<\/p><p>Unsere Zimmer, 4 Doppel- und 3 Einzelzimmer verf\u00fcgen \u00fcber Dusche, WC, Telefon, Kabelfernsehen und einen kostenlosen WLAN-Zugang. Fast alle Zimmer haben einen Balkon mit Blick zum Espachweiler See.<\/p><\/div>\t\t<\/div>\n\t<\/div>\n<\/div><\/div>\n\n<div class=\"fw-row\">\n\t<div class=\"fw-col-xs-12\">\n\t<div class=\"fw-col-inner\" style=\"color:;padding-top:px;padding-right:px;padding-bottom:px;padding-left:px;\">\n\t\t<div class=\"overlay\" style=\"background-color:;\"><\/div>\n\t\t<div class=\"fw-col-content\">\n\t\t\t\n\t<div class=\"fw-divider-space\" style=\"padding-top: 40px;\"><\/div>\n\t\t<\/div>\n\t<\/div>\n<\/div><\/div>\n\n<div class=\"fw-row\">\n\t<div class=\"fw-col-xs-12 fw-col-sm-6\">\n\t<div class=\"fw-col-inner\" style=\"color:;padding-top:px;padding-right:px;padding-bottom:15px;padding-left:px;\">\n\t\t<div class=\"overlay\" style=\"background-color:;\"><\/div>\n\t\t<div class=\"fw-col-content\">\n\t\t\t<img decoding=\"async\" src=\"\/\/seegasthof.net\/wp-content\/uploads\/hotel_zimmer.jpg\" alt=\"Hotel Zimmer Seegasthof\" \/>\t\t<\/div>\n\t<\/div>\n<\/div><div class=\"fw-col-xs-12 fw-col-sm-6\">\n\t<div class=\"fw-col-inner\" style=\"color:;padding-top:px;padding-right:px;padding-bottom:15px;padding-left:px;\">\n\t\t<div class=\"overlay\" style=\"background-color:;\"><\/div>\n\t\t<div class=\"fw-col-content\">\n\t\t\t<img decoding=\"async\" src=\"\/\/seegasthof.net\/wp-content\/uploads\/hotel_bad.jpg\" alt=\"Hotel Bad Seegasthof\" \/>\t\t<\/div>\n\t<\/div>\n<\/div><\/div>\n\n<div class=\"fw-row\">\n\t<div class=\"fw-col-xs-12\">\n\t<div class=\"fw-col-inner\" style=\"color:;padding-top:px;padding-right:px;padding-bottom:px;padding-left:px;\">\n\t\t<div class=\"overlay\" style=\"background-color:;\"><\/div>\n\t\t<div class=\"fw-col-content\">\n\t\t\t\n\t<div class=\"fw-divider-space\" style=\"padding-top: 10px;\"><\/div>\n\t\t<\/div>\n\t<\/div>\n<\/div><\/div>\n\n<div class=\"fw-row\">\n\t<div class=\"fw-col-xs-12 fw-col-sm-6\">\n\t<div class=\"fw-col-inner\" style=\"color:;padding-top:px;padding-right:px;padding-bottom:px;padding-left:px;\">\n\t\t<div class=\"overlay\" style=\"background-color:;\"><\/div>\n\t\t<div class=\"fw-col-content\">\n\t\t\t<div class=\"fw-iconbox clearfix fw-iconbox-1\">\n\t<div class=\"fw-iconbox-image\">\n\t\t<i class=\"fa fa-hotel\"><\/i>\n\t<\/div>\n\t<div class=\"fw-iconbox-aside\">\n\t\t<div class=\"fw-iconbox-title\">\n\t\t\t<h3>Prices<\/h3>\n\t\t<\/div>\n\t\t<div class=\"fw-iconbox-text\">\n\t\t\t<p>Einzelzimmer\n65 bis 95 Euro <br\/>\nDoppelzimmer\n110 bis 130 Euro <br\/>\ninklusive Fr\u00fchst\u00fcck<\/p>\n\t\t<\/div>\n\t<\/div>\n<\/div>\t\t<\/div>\n\t<\/div>\n<\/div><div class=\"fw-col-xs-12 fw-col-sm-6\">\n\t<div class=\"fw-col-inner\" style=\"color:;padding-top:px;padding-right:px;padding-bottom:px;padding-left:px;\">\n\t\t<div class=\"overlay\" style=\"background-color:;\"><\/div>\n\t\t<div class=\"fw-col-content\">\n\t\t\t<div class=\"fw-iconbox clearfix fw-iconbox-1\">\n\t<div class=\"fw-iconbox-image\">\n\t\t<i class=\"fa fa-credit-card\"><\/i>\n\t<\/div>\n\t<div class=\"fw-iconbox-aside\">\n\t\t<div class=\"fw-iconbox-title\">\n\t\t\t<h3>Credit cards<\/h3>\n\t\t<\/div>\n\t\t<div class=\"fw-iconbox-text\">\n\t\t\t<p><a href=\"https:\/\/seegasthof.net\/wp-content\/uploads\/kreditkarten1.png\"><img loading=\"lazy\" decoding=\"async\" class=\"alignnone size-full wp-image-3441\" src=\"https:\/\/seegasthof.net\/wp-content\/uploads\/kreditkarten1.png\" alt=\"kreditkarten\" width=\"161\" height=\"33\" \/><\/a><\/p>\n\t\t<\/div>\n\t<\/div>\n<\/div>\t\t<\/div>\n\t<\/div>\n<\/div><\/div>\n\n<div class=\"fw-row\">\n\t<div class=\"fw-col-xs-12\">\n\t<div class=\"fw-col-inner\" style=\"color:;padding-top:px;padding-right:px;padding-bottom:px;padding-left:px;\">\n\t\t<div class=\"overlay\" style=\"background-color:;\"><\/div>\n\t\t<div class=\"fw-col-content\">\n\t\t\t\n\t<div class=\"fw-divider-space\" style=\"padding-top: 10px;\"><\/div>\n\t\t<\/div>\n\t<\/div>\n<\/div><\/div>\n\n\t<\/div>\n<\/section>\n<\/p>","protected":false},"excerpt":{"rendered":"<p>Das Hotel Ruhe und Entspannung am Espachweiler See \u00dcbernachten im SeegasthofFernab vom gro\u00dfen Stra\u00dfenverkehr erwartet Sie ein idyllisch gelegenes Haus.<\/p>","protected":false},"author":1,"featured_media":0,"parent":0,"menu_order":0,"comment_status":"closed","ping_status":"closed","template":"","meta":{"footnotes":""},"class_list":["post-2922","page","type-page","status-publish","hentry"],"_links":{"self":[{"href":"https:\/\/seegasthof.net\/en\/wp-json\/wp\/v2\/pages\/2922","targetHints":{"allow":["GET"]}}],"collection":[{"href":"https:\/\/seegasthof.net\/en\/wp-json\/wp\/v2\/pages"}],"about":[{"href":"https:\/\/seegasthof.net\/en\/wp-json\/wp\/v2\/types\/page"}],"author":[{"embeddable":true,"href":"https:\/\/seegasthof.net\/en\/wp-json\/wp\/v2\/users\/1"}],"replies":[{"embeddable":true,"href":"https:\/\/seegasthof.net\/en\/wp-json\/wp\/v2\/comments?post=2922"}],"version-history":[{"count":13,"href":"https:\/\/seegasthof.net\/en\/wp-json\/wp\/v2\/pages\/2922\/revisions"}],"predecessor-version":[{"id":4897,"href":"https:\/\/seegasthof.net\/en\/wp-json\/wp\/v2\/pages\/2922\/revisions\/4897"}],"wp:attachment":[{"href":"https:\/\/seegasthof.net\/en\/wp-json\/wp\/v2\/media?parent=2922"}],"curies":[{"name":"wp","href":"https:\/\/api.w.org\/{rel}","templated":true}]}}