{"id":2924,"date":"2015-10-15T08:04:00","date_gmt":"2015-10-15T08:04:00","guid":{"rendered":"http:\/\/wordpress.seegasthof.net\/?page_id=2924"},"modified":"2019-02-26T15:44:50","modified_gmt":"2019-02-26T15:44:50","slug":"umland","status":"publish","type":"page","link":"https:\/\/seegasthof.net\/en\/umland\/","title":{"rendered":"Surroundings"},"content":{"rendered":"<p><section class=\"fw-main-row has-parallax\" style=\"background-color:rgba(0,0,0,0.2);padding-top:150px;padding-bottom:80px;\"  >\n\t<div class=\"fw-main-row-bg\" style=\"background-image:url(https:\/\/seegasthof.net\/wp-content\/uploads\/header_umland1.jpg); \" data-top-bottom=\"transform: translateY(150px);\" data-bottom-top=\"transform: translateY(0px);\"><\/div>\n\t<div class=\"fw-main-row-overlay\" style=\"background-color:rgba(0,0,0,0.2);\"><\/div>\n\t<div class=\"fw-container-fluid no-gutter\">\n\t\t<div class=\"fw-row\">\n\t<div class=\"fw-col-xs-12\">\n\t<div class=\"fw-col-inner\" style=\"color:;padding-top:px;padding-right:px;padding-bottom:px;padding-left:px;\">\n\t\t<div class=\"overlay\" style=\"background-color:;\"><\/div>\n\t\t<div class=\"fw-col-content\">\n\t\t\t\n<div class=\"ht-intro\" style=\"color: #ffffff\">\n\t<div class=\"entry-content\">\n\t\t\t\t\t\t\t<p class=\"mid-line\">The Surroundings<\/p>\n\t\t\t\t\t\t\t<p class=\"bot-line\">Espachweiler - Surrounded by beautiful landscape with forests and lakes<\/p>\n\t\t\t<\/div>\n\t<!-- \/.entry-content -->\n<\/div>\n<!-- \/.ht-feature-boxes -->\t\t<\/div>\n\t<\/div>\n<\/div><\/div>\n\n\t<\/div>\n<\/section>\n<section class=\"fw-main-row\" style=\"\"  >\n\t<div class=\"fw-main-row-bg\" style=\" \" ><\/div>\n\t<div class=\"fw-main-row-overlay\" ><\/div>\n\t<div class=\"fw-container\">\n\t\t<div class=\"fw-row\">\n\t<div class=\"fw-col-xs-12\">\n\t<div class=\"fw-col-inner\" style=\"color:;padding-top:px;padding-right:px;padding-bottom:px;padding-left:px;\">\n\t\t<div class=\"overlay\" style=\"background-color:;\"><\/div>\n\t\t<div class=\"fw-col-content\">\n\t\t\t\n\t<div class=\"fw-divider-space\" style=\"padding-top: 50px;\"><\/div>\n\t\t<\/div>\n\t<\/div>\n<\/div><\/div>\n\n<div class=\"fw-row\">\n\t<div class=\"fw-col-xs-12 fw-col-sm-6\">\n\t<div class=\"fw-col-inner\" style=\"color:;padding-top:px;padding-right:px;padding-bottom:15px;padding-left:px;\">\n\t\t<div class=\"overlay\" style=\"background-color:;\"><\/div>\n\t\t<div class=\"fw-col-content\">\n\t\t\t<div class=\"ht-text-block\" style=\"font-size: px; padding: 0 0;\">\n\t<p><img loading=\"lazy\" decoding=\"async\" class=\"alignnone wp-image-3578\" src=\"https:\/\/seegasthof.net\/wp-content\/uploads\/umland7-300x113.jpg\" alt=\"\" width=\"800\" height=\"300\" srcset=\"https:\/\/seegasthof.net\/wp-content\/uploads\/umland7-300x113.jpg 300w, https:\/\/seegasthof.net\/wp-content\/uploads\/umland7-600x225.jpg 600w, https:\/\/seegasthof.net\/wp-content\/uploads\/umland7.jpg 800w\" sizes=\"auto, (max-width: 800px) 100vw, 800px\" \/><\/p><\/div>\t\t<\/div>\n\t<\/div>\n<\/div><div class=\"fw-col-xs-12 fw-col-sm-6\">\n\t<div class=\"fw-col-inner\" style=\"color:;padding-top:px;padding-right:px;padding-bottom:15px;padding-left:px;\">\n\t\t<div class=\"overlay\" style=\"background-color:;\"><\/div>\n\t\t<div class=\"fw-col-content\">\n\t\t\t<div class=\"ht-text-block\" style=\"font-size: px; padding: 0 0;\">\n\t<p><img loading=\"lazy\" decoding=\"async\" class=\"alignnone wp-image-3579 size-full\" src=\"https:\/\/seegasthof.net\/wp-content\/uploads\/umland8.jpg\" alt=\"\" width=\"800\" height=\"300\" srcset=\"https:\/\/seegasthof.net\/wp-content\/uploads\/umland8.jpg 800w, https:\/\/seegasthof.net\/wp-content\/uploads\/umland8-600x225.jpg 600w, https:\/\/seegasthof.net\/wp-content\/uploads\/umland8-300x113.jpg 300w\" sizes=\"auto, (max-width: 800px) 100vw, 800px\" \/><\/p><\/div>\t\t<\/div>\n\t<\/div>\n<\/div><\/div>\n\n<div class=\"fw-row\">\n\t<div class=\"fw-col-xs-12\">\n\t<div class=\"fw-col-inner\" style=\"color:;padding-top:px;padding-right:px;padding-bottom:px;padding-left:px;\">\n\t\t<div class=\"overlay\" style=\"background-color:;\"><\/div>\n\t\t<div class=\"fw-col-content\">\n\t\t\t\n\t<div class=\"fw-divider-space\" style=\"padding-top: 25px;\"><\/div>\n\t\t<\/div>\n\t<\/div>\n<\/div><\/div>\n\n<div class=\"fw-row\">\n\t<div class=\"fw-col-xs-12 fw-col-sm-8\">\n\t<div class=\"fw-col-inner\" style=\"color:;padding-top:px;padding-right:px;padding-bottom:px;padding-left:px;\">\n\t\t<div class=\"overlay\" style=\"background-color:;\"><\/div>\n\t\t<div class=\"fw-col-content\">\n\t\t\t<div class=\"ht-text-block\" style=\"font-size: px; padding: 0 0;\">\n\t<h2>Ancient ROMAN LIMES bike ride<\/h2><h3>Route description:<\/h3><p class=\"translation-block\">Our tour starts at the Kocherbr\u00fccke in the center of H\u00fcttlingen and we cycle along the Kocher to the Straubenm\u00fchle. Here we cross the Kocher and the B19. In Niederalfingen we turn right and follow the Schlierbach in the direction of the castle. In order to reach the castle we have to deal with a steep climb of 13%. <br>\nThe museum of local history in the Vogteigeb\u00e4ude and the well-preserved Marienburg are a commendable attraction. Before Ebnat we turn right onto the little frequented county road to Ramsenstrut. On the right hand we see the village Neuler.\nIn Ramsenstrut we turn right and drive in the direction of Neuler. This route mostly leads through the forest. After the climb we come to the county road Neuler-Leinenfirst and drive past the car dealer Weis on to the road sign Leinenfirster Stra\u00dfe. Here we turn left and after about 100m turn right. From there you have a wonderful view over the Ellwangen area. The bike trail leads us down a steep descent to Grie\u00dfweiher. Now we drive past the lake across a forest clearing to S\u00e4gweiher where we have to turn right to Espachweiler. <br>\nOf course, it is a good idea to take a short rest at the Seegasthof to refresh and recover.\nAfter 300m on the county road towards Schrezheim we turn into a forest path and drive past the treatment plant. Then we have to turn left to reach the road 1075 where we first have to turn left and after 300m right to Saverwang. Through Saverwang, crossing below the railway line and then turn right, along the Jagst to Schwabsberg. Here we cross below the county road and then keep on going along the Jagst to Bucher reservoir. <br>\nIn this area there are a variety of leisure opportunities. (Rowboat, surfing and children's playgrounds). The excavations of a Roman fort, a Roman bath and the Limes can be visited before moving on. From the western end of the lake, passing underneath the main road and railway line, it goes on to Buch.\nThe cycle trail now crosses the main road and leads up to a small hill. At this fork we turn left to H\u00fcttlingen, which we reach after about 2 km. We now find a steep descent in H\u00fcttlingen where we have to cross the main road with traffic lights (!)\nThis is where our tour ends.<\/p><\/div>\t\t<\/div>\n\t<\/div>\n<\/div><div class=\"fw-col-xs-12 fw-col-sm-4\">\n\t<div class=\"fw-col-inner\" style=\"color:;padding-top:10px;padding-right:px;padding-bottom:40px;padding-left:px;\">\n\t\t<div class=\"overlay\" style=\"background-color:;\"><\/div>\n\t\t<div class=\"fw-col-content\">\n\t\t\t<div class=\"ht-text-block\" style=\"font-size: px; padding: 0 0;\">\n\t<p><img loading=\"lazy\" decoding=\"async\" class=\"alignnone wp-image-3820 size-full\" src=\"https:\/\/seegasthof.net\/wp-content\/uploads\/fahrrad.jpg\" alt=\"fahrrad\" width=\"358\" height=\"431\" srcset=\"https:\/\/seegasthof.net\/wp-content\/uploads\/fahrrad.jpg 358w, https:\/\/seegasthof.net\/wp-content\/uploads\/fahrrad-249x300.jpg 249w\" sizes=\"auto, (max-width: 358px) 100vw, 358px\" \/><\/p><\/div><div class=\"ht-text-block\" style=\"font-size: px; padding: 0 0;\">\n\t<h3>Entry options:<\/h3><p>Car park Espachweiler<br \/>Car park in the center of H\u00fcttlingen<br \/>Car park Bucher Reservoir<\/p><h3>What to see:<\/h3><p>Niederalfingen: Fugger (Marien) -Castle with youth hostel and local history museum, outdoor swimming pool and Schlierbachtal.<br \/>Buch: Roman fort, Roman bathhouse and watchtower.<br \/>Neuler: St. \u00c4gidius chapel Bronnen with frescoes from the 13th century.<\/p><\/div>\t\t<\/div>\n\t<\/div>\n<\/div><\/div>\n\n<div class=\"fw-row\">\n\t<div class=\"fw-col-xs-12\">\n\t<div class=\"fw-col-inner\" style=\"color:;padding-top:px;padding-right:px;padding-bottom:px;padding-left:px;\">\n\t\t<div class=\"overlay\" style=\"background-color:;\"><\/div>\n\t\t<div class=\"fw-col-content\">\n\t\t\t\n\t<div class=\"fw-divider-space\" style=\"padding-top: 50px;\"><\/div>\n\t\t<\/div>\n\t<\/div>\n<\/div><\/div>\n\n<div class=\"fw-row\">\n\t<div class=\"fw-col-xs-12 fw-col-sm-6\">\n\t<div class=\"fw-col-inner\" style=\"color:;padding-top:px;padding-right:px;padding-bottom:40px;padding-left:px;\">\n\t\t<div class=\"overlay\" style=\"background-color:;\"><\/div>\n\t\t<div class=\"fw-col-content\">\n\t\t\t\n<div class=\"ht-reslider\" style=\"position: relative; z-index: 1;\">\n\t<div class=\"box\"> <a target=\"_blank\" href=\"https:\/\/www.google.de\/maps\/place\/Seegasthof\/@48.9412521,10.0908307,364m\/data=!3m1!1e3!4m2!3m1!1s0x4798e2bf1dc9a87b:0x200de3b855a6b1f3!6m1!1e1\"> <img decoding=\"async\" alt=\"https:\/\/seegasthof.net\/wp-content\/uploads\/locator.jpg\" src=\"https:\/\/seegasthof.net\/wp-content\/uploads\/locator.jpg\"> <\/a> <br> <br> <h3>Karte<\/h3>  <p>Finden Sie uns auf Google Maps<\/p>  <a target=\"_blank\" href=\"https:\/\/www.google.de\/maps\/place\/Seegasthof\/@48.9412521,10.0908307,364m\/data=!3m1!1e3!4m2!3m1!1s0x4798e2bf1dc9a87b:0x200de3b855a6b1f3!6m1!1e1\"><\/a>  <\/div><\/div>\t\t<\/div>\n\t<\/div>\n<\/div><div class=\"fw-col-xs-12 fw-col-sm-6\">\n\t<div class=\"fw-col-inner\" style=\"color:;padding-top:px;padding-right:px;padding-bottom:40px;padding-left:px;\">\n\t\t<div class=\"overlay\" style=\"background-color:;\"><\/div>\n\t\t<div class=\"fw-col-content\">\n\t\t\t\n<div class=\"ht-reslider\" style=\"position: relative; z-index: 1;\">\n\t<div class=\"box\"> <img decoding=\"async\" alt=\"https:\/\/seegasthof.net\/wp-content\/uploads\/ellwangen.jpg\" src=\"https:\/\/seegasthof.net\/wp-content\/uploads\/ellwangen.jpg\"><\/a> <br><br> <h3>Historisches Ellwangen<\/h3>  <p>Informieren Sie sich zur gr0\u00dfen Kreisstadt Ellwangen<\/p>  <a target=\"_blank\" href=\"http:\/\/www.ellwangen.de\/index.php?id=579&no_cache=1\"><\/a>  <\/div><\/div>\t\t<\/div>\n\t<\/div>\n<\/div><\/div>\n\n<div class=\"fw-row\">\n\t<div class=\"fw-col-xs-12\">\n\t<div class=\"fw-col-inner\" style=\"color:;padding-top:px;padding-right:px;padding-bottom:px;padding-left:px;\">\n\t\t<div class=\"overlay\" style=\"background-color:;\"><\/div>\n\t\t<div class=\"fw-col-content\">\n\t\t\t\n\t<div class=\"fw-divider-space\" style=\"padding-top: 30px;\"><\/div>\n\t\t<\/div>\n\t<\/div>\n<\/div><\/div>\n\n\t<\/div>\n<\/section>\n<\/p>","protected":false},"excerpt":{"rendered":"<p>Das Umland Espachweiler &#8211; Umgeben von heiler Landschaft mit Wald und Seen Limes-R\u00f6mer-RadtourStreckenbeschreibung:Unsere Tour beginnt an der Kocherbr\u00fccke im Ortskern<\/p>","protected":false},"author":1,"featured_media":0,"parent":0,"menu_order":0,"comment_status":"closed","ping_status":"closed","template":"","meta":{"footnotes":""},"class_list":["post-2924","page","type-page","status-publish","hentry"],"_links":{"self":[{"href":"https:\/\/seegasthof.net\/en\/wp-json\/wp\/v2\/pages\/2924","targetHints":{"allow":["GET"]}}],"collection":[{"href":"https:\/\/seegasthof.net\/en\/wp-json\/wp\/v2\/pages"}],"about":[{"href":"https:\/\/seegasthof.net\/en\/wp-json\/wp\/v2\/types\/page"}],"author":[{"embeddable":true,"href":"https:\/\/seegasthof.net\/en\/wp-json\/wp\/v2\/users\/1"}],"replies":[{"embeddable":true,"href":"https:\/\/seegasthof.net\/en\/wp-json\/wp\/v2\/comments?post=2924"}],"version-history":[{"count":0,"href":"https:\/\/seegasthof.net\/en\/wp-json\/wp\/v2\/pages\/2924\/revisions"}],"wp:attachment":[{"href":"https:\/\/seegasthof.net\/en\/wp-json\/wp\/v2\/media?parent=2924"}],"curies":[{"name":"wp","href":"https:\/\/api.w.org\/{rel}","templated":true}]}}