{"id":3337,"date":"2015-10-15T08:03:12","date_gmt":"2015-10-15T08:03:12","guid":{"rendered":"http:\/\/wordpress.seegasthof.net\/aktuelles-kopie\/"},"modified":"2026-01-29T09:24:29","modified_gmt":"2026-01-29T09:24:29","slug":"restaurant1","status":"publish","type":"page","link":"https:\/\/seegasthof.net\/en\/restaurant1\/","title":{"rendered":"Restaurant"},"content":{"rendered":"<p><section class=\"fw-main-row has-parallax\" style=\"background-color:rgba(0,0,0,0.01);padding-top:150px;padding-bottom:80px;\"  >\n\t<div class=\"fw-main-row-bg\" style=\"background-image:url(https:\/\/seegasthof.net\/wp-content\/uploads\/restaurant_header.jpg); \" data-top-bottom=\"transform: translateY(150px);\" data-bottom-top=\"transform: translateY(0px);\"><\/div>\n\t<div class=\"fw-main-row-overlay\" style=\"background-color:rgba(0,0,0,0.01);\"><\/div>\n\t<div class=\"fw-container-fluid no-gutter\">\n\t\t<div class=\"fw-row\">\n\t<div class=\"fw-col-xs-12\">\n\t<div class=\"fw-col-inner\" style=\"color:;padding-top:px;padding-right:px;padding-bottom:px;padding-left:px;\">\n\t\t<div class=\"overlay\" style=\"background-color:;\"><\/div>\n\t\t<div class=\"fw-col-content\">\n\t\t\t\n<div class=\"ht-intro\" style=\"color: #ffffff\">\n\t<div class=\"entry-content\">\n\t\t\t\t\t\t\t<p class=\"mid-line\">The Restaurant<\/p>\n\t\t\t\t\t\t\t<p class=\"bot-line\">Take a look around - insights into our restaurant<\/p>\n\t\t\t<\/div>\n\t<!-- \/.entry-content -->\n<\/div>\n<!-- \/.ht-feature-boxes -->\t\t<\/div>\n\t<\/div>\n<\/div><\/div>\n\n\t<\/div>\n<\/section>\n<section class=\"fw-main-row has-parallax\" style=\"\"  >\n\t<div class=\"fw-main-row-bg\" style=\" \" data-top-bottom=\"transform: translateY(200px);\" data-bottom-top=\"transform: translateY(0px);\"><\/div>\n\t<div class=\"fw-main-row-overlay\" ><\/div>\n\t<div class=\"fw-container\">\n\t\t\t<\/div>\n<\/section>\n<section class=\"fw-main-row\" style=\"\"  >\n\t<div class=\"fw-main-row-bg\" style=\" \" ><\/div>\n\t<div class=\"fw-main-row-overlay\" ><\/div>\n\t<div class=\"fw-container\">\n\t\t<div class=\"fw-row\">\n\t<div class=\"fw-col-xs-12\">\n\t<div class=\"fw-col-inner\" style=\"color:;padding-top:px;padding-right:px;padding-bottom:px;padding-left:px;\">\n\t\t<div class=\"overlay\" style=\"background-color:;\"><\/div>\n\t\t<div class=\"fw-col-content\">\n\t\t\t\n\t<div class=\"fw-divider-space\" style=\"padding-top: 65px;\"><\/div>\n\t\t<\/div>\n\t<\/div>\n<\/div><\/div>\n\n<div class=\"fw-row\">\n\t<div class=\"fw-col-xs-12 fw-col-sm-6\">\n\t<div class=\"fw-col-inner\" style=\"color:;padding-top:px;padding-right:px;padding-bottom:30px;padding-left:px;\">\n\t\t<div class=\"overlay\" style=\"background-color:;\"><\/div>\n\t\t<div class=\"fw-col-content\">\n\t\t\t<div class=\"ht-text-block\" style=\"font-size: px; padding: 0 0;\">\n\t<h1>Restaurant Seegasthof<\/h1><p>Unsere K\u00fcchenbrigade unter Leitung von Franz Bolz jun. kocht f\u00fcr Sie kulinarische K\u00f6stlichkeiten von regional-schw\u00e4bischen Spezialit\u00e4ten bis zu ausgefallenen Fisch- und Wildgerichten.<\/p><p>With our daily changing menu, we value seasonal, as well as local and organic products. Vegetarian guests are offered a special selection of meatless delicacies.<\/p><p>&nbsp;<\/p><p><em><span style=\"color: #592d00;\">Of course our restaurant is handicapped accessible.<\/span><\/em><\/p><\/div>\t\t<\/div>\n\t<\/div>\n<\/div><div class=\"fw-col-xs-12 fw-col-sm-6\">\n\t<div class=\"fw-col-inner\" style=\"color:;padding-top:px;padding-right:px;padding-bottom:10px;padding-left:8px;\">\n\t\t<div class=\"overlay\" style=\"background-color:;\"><\/div>\n\t\t<div class=\"fw-col-content\">\n\t\t\t\n<div class=\"ht-reslider\" style=\"position: relative; z-index: 1;\">\n\t<div id=\"metaslider-id-4352\" style=\"max-width: 700px; margin: 0 auto;\" class=\"ml-slider-3-108-0 metaslider metaslider-flex metaslider-4352 ml-slider ms-theme-outline nav-hidden\" role=\"region\" aria-label=\"New Slideshow\" data-height=\"500\" data-width=\"700\">\n    <div id=\"metaslider_container_4352\">\n        <div id=\"metaslider_4352\">\n            <ul class='slides'>\n                <li style=\"display: block; width: 100%;\" class=\"slide-4358 ms-image\" aria-roledescription=\"slide\" data-date=\"2019-05-29 11:13:16\" data-filename=\"seegasthof_aussen2-441x315.jpg\" data-slide-type=\"image\"><img loading=\"lazy\" decoding=\"async\" src=\"https:\/\/seegasthof.net\/wp-content\/uploads\/seegasthof_aussen2-441x315.jpg\" height=\"500\" width=\"700\" alt=\"\" class=\"slider-4352 slide-4358 msDefaultImage\" title=\"seegasthof_aussen2\" \/><\/li>\n                <li style=\"display: none; width: 100%;\" class=\"slide-4356 ms-image\" aria-roledescription=\"slide\" data-date=\"2019-05-29 11:08:00\" data-filename=\"restaurant_aussen1-700x500.jpg\" data-slide-type=\"image\"><img loading=\"lazy\" decoding=\"async\" src=\"https:\/\/seegasthof.net\/wp-content\/uploads\/restaurant_aussen1-700x500.jpg\" height=\"500\" width=\"700\" alt=\"\" class=\"slider-4352 slide-4356 msDefaultImage\" title=\"restaurant_aussen1\" \/><\/li>\n                <li style=\"display: none; width: 100%;\" class=\"slide-4354 ms-image\" aria-roledescription=\"slide\" data-date=\"2019-05-29 11:07:25\" data-filename=\"restaurant_innen2-700x500.jpg\" data-slide-type=\"image\"><img loading=\"lazy\" decoding=\"async\" src=\"https:\/\/seegasthof.net\/wp-content\/uploads\/restaurant_innen2-700x500.jpg\" height=\"500\" width=\"700\" alt=\"\" class=\"slider-4352 slide-4354 msDefaultImage\" title=\"restaurant_innen2\" \/><\/li>\n                <li style=\"display: none; width: 100%;\" class=\"slide-4355 ms-image\" aria-roledescription=\"slide\" data-date=\"2019-05-29 11:07:36\" data-filename=\"restaurant_innen1-700x500.jpg\" data-slide-type=\"image\"><img loading=\"lazy\" decoding=\"async\" src=\"https:\/\/seegasthof.net\/wp-content\/uploads\/restaurant_innen1-700x500.jpg\" height=\"500\" width=\"700\" alt=\"\" class=\"slider-4352 slide-4355 msDefaultImage\" title=\"restaurant_innen1\" \/><\/li>\n                <li style=\"display: none; width: 100%;\" class=\"slide-4359 ms-image\" aria-roledescription=\"slide\" data-date=\"2019-05-29 11:14:12\" data-filename=\"restaurant_terrasse-700x500.jpg\" data-slide-type=\"image\"><img loading=\"lazy\" decoding=\"async\" src=\"https:\/\/seegasthof.net\/wp-content\/uploads\/restaurant_terrasse-700x500.jpg\" height=\"500\" width=\"700\" alt=\"\" class=\"slider-4352 slide-4359 msDefaultImage\" title=\"restaurant_terrasse\" \/><\/li>\n            <\/ul>\n        <\/div>\n        \n    <\/div>\n<\/div><\/div>\t\t<\/div>\n\t<\/div>\n<\/div><\/div>\n\n<div class=\"fw-row\">\n\t<div class=\"fw-col-xs-12 fw-col-sm-6\">\n\t<div class=\"fw-col-inner\" style=\"color:;padding-top:20px;padding-right:px;padding-bottom:px;padding-left:px;\">\n\t\t<div class=\"overlay\" style=\"background-color:;\"><\/div>\n\t\t<div class=\"fw-col-content\">\n\t\t\t<div class=\"ht-text-block\" style=\"font-size: px; padding: 0 0;\">\n\t<hr \/><p>&nbsp;<\/p><h2>SPECIALTIES WEEK<\/h2><p>Depending on the season, we organize alternating specialties weeks, e.g. of fish, wild game, asparagus, mushrooms and poultry.<br \/>&nbsp;<\/p><hr \/><p>&nbsp;<\/p><\/div><div class=\"ht-text-block\" style=\"font-size: px; padding: 0 0;\">\n\t<h2>FESTIVITIES<\/h2><p>Familienfeiern, Gesch\u00e4ftsessen oder Reisegruppen finden in unseren drei Restaurantr\u00e4umen und zus\u00e4tzlicher Sommerterrasse gem\u00fctlich Platz.<\/p><p>&nbsp;<\/p><hr \/><p>&nbsp;<\/p><\/div>\t\t<\/div>\n\t<\/div>\n<\/div><div class=\"fw-col-xs-12 fw-col-sm-6\">\n\t<div class=\"fw-col-inner\" style=\"color:;padding-top:px;padding-right:px;padding-bottom:30px;padding-left:8px;\">\n\t\t<div class=\"overlay\" style=\"background-color:;\"><\/div>\n\t\t<div class=\"fw-col-content\">\n\t\t\t\n\t<div class=\"fw-divider-space\" style=\"padding-top: 35px;\"><\/div>\n\t\t<\/div>\n\t<\/div>\n<\/div><\/div>\n\n<div class=\"fw-row\">\n\t<div class=\"fw-col-xs-12\">\n\t<div class=\"fw-col-inner\" style=\"color:;padding-top:px;padding-right:px;padding-bottom:px;padding-left:px;\">\n\t\t<div class=\"overlay\" style=\"background-color:;\"><\/div>\n\t\t<div class=\"fw-col-content\">\n\t\t\t\n\t<div class=\"fw-divider-space\" style=\"padding-top: 35px;\"><\/div>\n\t\t<\/div>\n\t<\/div>\n<\/div><\/div>\n\n<div class=\"fw-row\">\n\t<div class=\"fw-col-xs-12\">\n\t<div class=\"fw-col-inner\" style=\"color:;padding-top:px;padding-right:px;padding-bottom:px;padding-left:px;\">\n\t\t<div class=\"overlay\" style=\"background-color:;\"><\/div>\n\t\t<div class=\"fw-col-content\">\n\t\t\t<div class=\"fw-iconbox clearfix fw-iconbox-1\">\n\t<div class=\"fw-iconbox-image\">\n\t\t<i class=\"fa fa-history\"><\/i>\n\t<\/div>\n\t<div class=\"fw-iconbox-aside\">\n\t\t<div class=\"fw-iconbox-title\">\n\t\t\t<h3>Hot dishes<\/h3>\n\t\t<\/div>\n\t\t<div class=\"fw-iconbox-text\">\n\t\t\t<p>11:30 bis 13:45 Uhr \nsowie von 17:30 bis 20:30 Uhr \n(Sonntags bis 20:00)<\/p>\n\t\t<\/div>\n\t<\/div>\n<\/div>\t\t<\/div>\n\t<\/div>\n<\/div><\/div>\n\n<div class=\"fw-row\">\n\t<div class=\"fw-col-xs-12 fw-col-sm-4\">\n\t<div class=\"fw-col-inner\" style=\"color:;padding-top:px;padding-right:px;padding-bottom:px;padding-left:px;\">\n\t\t<div class=\"overlay\" style=\"background-color:;\"><\/div>\n\t\t<div class=\"fw-col-content\">\n\t\t\t<div class=\"fw-iconbox clearfix fw-iconbox-1\">\n\t<div class=\"fw-iconbox-image\">\n\t\t<i class=\"fa fa-spoon\"><\/i>\n\t<\/div>\n\t<div class=\"fw-iconbox-aside\">\n\t\t<div class=\"fw-iconbox-title\">\n\t\t\t<h3>Appetizers<\/h3>\n\t\t<\/div>\n\t\t<div class=\"fw-iconbox-text\">\n\t\t\t<p>von 9 bis 18 Euro<\/p>\n\t\t<\/div>\n\t<\/div>\n<\/div>\t\t<\/div>\n\t<\/div>\n<\/div><div class=\"fw-col-xs-12 fw-col-sm-8\">\n\t<div class=\"fw-col-inner\" style=\"color:;padding-top:px;padding-right:px;padding-bottom:px;padding-left:px;\">\n\t\t<div class=\"overlay\" style=\"background-color:;\"><\/div>\n\t\t<div class=\"fw-col-content\">\n\t\t\t<div class=\"fw-iconbox clearfix fw-iconbox-1\">\n\t<div class=\"fw-iconbox-image\">\n\t\t<i class=\"fa fa-cutlery\"><\/i>\n\t<\/div>\n\t<div class=\"fw-iconbox-aside\">\n\t\t<div class=\"fw-iconbox-title\">\n\t\t\t<h3>Main dishes<\/h3>\n\t\t<\/div>\n\t\t<div class=\"fw-iconbox-text\">\n\t\t\t<p>von 11,50 bis 55 Euro<\/p>\n\t\t<\/div>\n\t<\/div>\n<\/div>\t\t<\/div>\n\t<\/div>\n<\/div><\/div>\n\n<div class=\"fw-row\">\n\t<div class=\"fw-col-xs-12\">\n\t<div class=\"fw-col-inner\" style=\"color:;padding-top:px;padding-right:px;padding-bottom:px;padding-left:px;\">\n\t\t<div class=\"overlay\" style=\"background-color:;\"><\/div>\n\t\t<div class=\"fw-col-content\">\n\t\t\t\n\t<div class=\"fw-divider-space\" style=\"padding-top: 50px;\"><\/div>\n\t\t<\/div>\n\t<\/div>\n<\/div><\/div>\n\n\t<\/div>\n<\/section>\n<\/p>","protected":false},"excerpt":{"rendered":"<p>Das Restaurant Schauen Sie sich um &#8211; Einblicke in unser Restaurant Restaurant SeegasthofUnsere K\u00fcchenbrigade unter Leitung von Franz Bolz jun.<\/p>","protected":false},"author":1,"featured_media":0,"parent":0,"menu_order":0,"comment_status":"closed","ping_status":"closed","template":"","meta":{"footnotes":""},"class_list":["post-3337","page","type-page","status-publish","hentry"],"_links":{"self":[{"href":"https:\/\/seegasthof.net\/en\/wp-json\/wp\/v2\/pages\/3337","targetHints":{"allow":["GET"]}}],"collection":[{"href":"https:\/\/seegasthof.net\/en\/wp-json\/wp\/v2\/pages"}],"about":[{"href":"https:\/\/seegasthof.net\/en\/wp-json\/wp\/v2\/types\/page"}],"author":[{"embeddable":true,"href":"https:\/\/seegasthof.net\/en\/wp-json\/wp\/v2\/users\/1"}],"replies":[{"embeddable":true,"href":"https:\/\/seegasthof.net\/en\/wp-json\/wp\/v2\/comments?post=3337"}],"version-history":[{"count":9,"href":"https:\/\/seegasthof.net\/en\/wp-json\/wp\/v2\/pages\/3337\/revisions"}],"predecessor-version":[{"id":4906,"href":"https:\/\/seegasthof.net\/en\/wp-json\/wp\/v2\/pages\/3337\/revisions\/4906"}],"wp:attachment":[{"href":"https:\/\/seegasthof.net\/en\/wp-json\/wp\/v2\/media?parent=3337"}],"curies":[{"name":"wp","href":"https:\/\/api.w.org\/{rel}","templated":true}]}}