{"id":3583,"date":"2015-11-10T15:53:29","date_gmt":"2015-11-10T15:53:29","guid":{"rendered":"http:\/\/wordpress.seegasthof.net\/?page_id=3583"},"modified":"2025-01-26T11:18:15","modified_gmt":"2025-01-26T11:18:15","slug":"spezialitaeten","status":"publish","type":"page","link":"https:\/\/seegasthof.net\/en\/spezialitaeten\/","title":{"rendered":"Specialities"},"content":{"rendered":"<p><section class=\"fw-main-row has-parallax\" style=\"background-color:rgba(0,0,0,0.4);padding-top:150px;padding-bottom:80px;\"  >\n\t<div class=\"fw-main-row-bg\" style=\"background-image:url(https:\/\/seegasthof.net\/wp-content\/uploads\/header_spezialitaeten.jpg); \" data-top-bottom=\"transform: translateY(150px);\" data-bottom-top=\"transform: translateY(0px);\"><\/div>\n\t<div class=\"fw-main-row-overlay\" style=\"background-color:rgba(0,0,0,0.4);\"><\/div>\n\t<div class=\"fw-container-fluid no-gutter\">\n\t\t<div class=\"fw-row\">\n\t<div class=\"fw-col-xs-12\">\n\t<div class=\"fw-col-inner\" style=\"color:;padding-top:px;padding-right:px;padding-bottom:px;padding-left:px;\">\n\t\t<div class=\"overlay\" style=\"background-color:;\"><\/div>\n\t\t<div class=\"fw-col-content\">\n\t\t\t\n<div class=\"ht-intro\" style=\"color: #ffffff\">\n\t<div class=\"entry-content\">\n\t\t\t\t\t\t\t<p class=\"mid-line\">Specialities<\/p>\n\t\t\t\t\t<\/div>\n\t<!-- \/.entry-content -->\n<\/div>\n<!-- \/.ht-feature-boxes -->\t\t<\/div>\n\t<\/div>\n<\/div><\/div>\n\n\t<\/div>\n<\/section>\n<section class=\"fw-main-row\" style=\"\"  >\n\t<div class=\"fw-main-row-bg\" style=\" \" ><\/div>\n\t<div class=\"fw-main-row-overlay\" ><\/div>\n\t<div class=\"fw-container\">\n\t\t<div class=\"fw-row\">\n\t<div class=\"fw-col-xs-12\">\n\t<div class=\"fw-col-inner\" style=\"color:;padding-top:px;padding-right:px;padding-bottom:px;padding-left:px;\">\n\t\t<div class=\"overlay\" style=\"background-color:;\"><\/div>\n\t\t<div class=\"fw-col-content\">\n\t\t\t\n\t<div class=\"fw-divider-space\" style=\"padding-top: 100px;\"><\/div>\n\t\t<\/div>\n\t<\/div>\n<\/div><\/div>\n\n<div class=\"fw-row\">\n\t<div class=\"fw-col-xs-12\">\n\t<div class=\"fw-col-inner\" style=\"color:#383838;padding-top:35px;padding-right:35px;padding-bottom:35px;padding-left:35px;\">\n\t\t<div class=\"overlay\" style=\"background-color:rgba(186,186,186,0.44);\"><\/div>\n\t\t<div class=\"fw-col-content\">\n\t\t\t<div class=\"ht-text-block\" style=\"font-size: px; padding: 0 0;\">\n\t<h1>Vorschau unserer Spezialit\u00e4tenwochen 2025<\/h1><h3>03. Februar bis 16. Februar - S\u00fcdamerikanische Spezialit\u00e4ten<\/h3><p>Steaks, Fisch, Meeresfr\u00fcchte und tolle Weine - Ein Streifzug durch die s\u00fcdamerikanische K\u00fcche.<\/p><h3>24. Februar bis 09. M\u00e4rz - Spanische Spezialit\u00e4ten<\/h3><p>Mit spanischen Spezialit\u00e4ten dem deutschen Wetter entfliehen und vom Sommer tr\u00e4umen? Wir machen es m\u00f6glich!<\/p><h3>17. M\u00e4rz bis 30. M\u00e4rz - B\u00e4rlauch-Spezialit\u00e4ten<\/h3><p>Sie riechen ihn bei Ihrem Spaziergang am Espachweiler See, bei uns kommt er frisch gepfl\u00fcckt auf den Tisch: B\u00e4rlauch, der Star des Fr\u00fchlings.<\/p><h3>31. M\u00e4rz bis 18. April - Traditionelle Fischwochen<\/h3><p>Fisch und Meeresfr\u00fcchte in tollen Variationen.<\/p><h3>19. April bis 30. April - Lamm-Spezialit\u00e4ten<\/h3><p>Bestes Lamm aus der Region vom Sch\u00e4fer Stock aus Haisterhofen. Frischer, regionaler Hochgenuss!<\/p><h3>Ab 01. Mai - Maischolle &amp; Spargel<\/h3><p>P\u00fcnktlich zum Mai starten wir mit Mai-Scholle. Nat\u00fcrlich darf auch frischer Spargel vom Spragelhof Alerheim nicht fehlen.<\/p><h3>19. Mai bis 01. Juni - Spezialit\u00e4ten vom jungen Maibock<\/h3><p>Nicht nur zu den traditionellen Ellwanger Wildwochen im Herbst, sondern auch zum Auftakt der Jagdsaison, servieren wir Ihnen bestes Wild aus heimischer Jagd.<\/p><h3>30. Juni bis 13. Juli - Spanische Spezialit\u00e4ten<\/h3><p>Sommer am Espachweiler See und ein Streifzug durch die spanische K\u00fcche. Leichte Mittelmeerk\u00fcche und Sangria auf unserer Terrasse.<\/p><h3>Juli und August - Sommerliche K\u00fcche<\/h3><p>Knackige Salate, mediterrane K\u00fcche und vieles Meer...auf unserer Terrasse mit Blick auf den Espachweiler See.<\/p><h3>Ab 22. September - Lugeder's knusprige Bauernente<\/h3><p>Wir starten in den Herbst mit unserem beliebten Klassiker: halbe Bauernente von Bauer Lugeder mit Apfelrotkohl und Semmelkn\u00f6del.<\/p><h3>17. Oktober bis 09. November - Ellwanger Wildwochen<\/h3><p>Dieses Event d\u00fcrfen Sie nicht verpassen! Ellwanger Gastronomen und J\u00e4ger stehen f\u00fcr perfekten Wildgenuss aus heimischer Jagd. Nat\u00fcrlich, bio und total regional!<\/p><h3>10. November bis 30. November - Gefl\u00fcgel-Spezialit\u00e4ten<\/h3><p>Beste Zeit f\u00fcr Ente, Gans, Fasan, Perlhuhn und vieles mehr!<\/p><\/div>\t\t<\/div>\n\t<\/div>\n<\/div><\/div>\n\n\t<\/div>\n<\/section>\n<section class=\"fw-main-row\" style=\"\"  >\n\t<div class=\"fw-main-row-bg\" style=\" \" ><\/div>\n\t<div class=\"fw-main-row-overlay\" ><\/div>\n\t<div class=\"fw-container\">\n\t\t<div class=\"fw-row\">\n\t<div class=\"fw-col-xs-12\">\n\t<div class=\"fw-col-inner\" style=\"color:;padding-top:px;padding-right:px;padding-bottom:px;padding-left:px;\">\n\t\t<div class=\"overlay\" style=\"background-color:;\"><\/div>\n\t\t<div class=\"fw-col-content\">\n\t\t\t\n\t<div class=\"fw-divider-space\" style=\"padding-top: 100px;\"><\/div>\n\t\t<\/div>\n\t<\/div>\n<\/div><\/div>\n\n\t<\/div>\n<\/section>\n<section class=\"fw-main-row has-parallax\" style=\"background-color:rgba(0,0,0,0.5);padding-top:130px;padding-bottom:130px;\"  >\n\t<div class=\"fw-main-row-bg\" style=\"background-image:url(https:\/\/seegasthof.net\/wp-content\/uploads\/divider_wild.jpg); \" data-top-bottom=\"transform: translateY(300px);\" data-bottom-top=\"transform: translateY(0px);\"><\/div>\n\t<div class=\"fw-main-row-overlay\" style=\"background-color:rgba(0,0,0,0.5);\"><\/div>\n\t<div class=\"fw-container\">\n\t\t<div class=\"fw-row\">\n\t<div class=\"fw-col-xs-12\">\n\t<div class=\"fw-col-inner\" style=\"color:;padding-top:px;padding-right:px;padding-bottom:px;padding-left:px;\">\n\t\t<div class=\"overlay\" style=\"background-color:;\"><\/div>\n\t\t<div class=\"fw-col-content\">\n\t\t\t\n<div class=\"ht-intro\" style=\"color: #ffffff\">\n\t<div class=\"entry-content\">\n\t\t\t\t\t\t\t<p class=\"mid-line\">Game dishes<\/p>\n\t\t\t\t\t\t\t<p class=\"bot-line\">Among the specialties of the Seegasthof  we include wild game dishes of deer and wild boar from domestic hunting grounds. We complement our wild game dishes with hare and wild duck at the appropriate hunting season.<\/p>\n\t\t\t<\/div>\n\t<!-- \/.entry-content -->\n<\/div>\n<!-- \/.ht-feature-boxes -->\t\t<\/div>\n\t<\/div>\n<\/div><\/div>\n\n\t<\/div>\n<\/section>\n<section class=\"fw-main-row\" style=\"\"  >\n\t<div class=\"fw-main-row-bg\" style=\" \" ><\/div>\n\t<div class=\"fw-main-row-overlay\" ><\/div>\n\t<div class=\"fw-container\">\n\t\t<div class=\"fw-row\">\n\t<div class=\"fw-col-xs-12\">\n\t<div class=\"fw-col-inner\" style=\"color:;padding-top:px;padding-right:px;padding-bottom:px;padding-left:px;\">\n\t\t<div class=\"overlay\" style=\"background-color:;\"><\/div>\n\t\t<div class=\"fw-col-content\">\n\t\t\t\n\t<div class=\"fw-divider-space\" style=\"padding-top: 100px;\"><\/div>\n\t\t<\/div>\n\t<\/div>\n<\/div><\/div>\n\n\t<\/div>\n<\/section>\n<section class=\"fw-main-row has-parallax\" style=\"background-color:rgba(0,0,0,0.5);padding-top:130px;padding-bottom:130px;\"  >\n\t<div class=\"fw-main-row-bg\" style=\"background-image:url(https:\/\/seegasthof.net\/wp-content\/uploads\/divider_fisch1.jpg); \" data-top-bottom=\"transform: translateY(300px);\" data-bottom-top=\"transform: translateY(0px);\"><\/div>\n\t<div class=\"fw-main-row-overlay\" style=\"background-color:rgba(0,0,0,0.5);\"><\/div>\n\t<div class=\"fw-container\">\n\t\t<div class=\"fw-row\">\n\t<div class=\"fw-col-xs-12\">\n\t<div class=\"fw-col-inner\" style=\"color:;padding-top:px;padding-right:px;padding-bottom:px;padding-left:px;\">\n\t\t<div class=\"overlay\" style=\"background-color:;\"><\/div>\n\t\t<div class=\"fw-col-content\">\n\t\t\t\n<div class=\"ht-intro\" style=\"color: #ffffff\">\n\t<div class=\"entry-content\">\n\t\t\t\t\t\t\t<p class=\"mid-line\">Fish<\/p>\n\t\t\t\t\t\t\t<p class=\"bot-line\">Our range of fish and seafood is worth highlighting. As a special feature, we offer our freshly caught trout and char from our own fish farm.<\/p>\n\t\t\t<\/div>\n\t<!-- \/.entry-content -->\n<\/div>\n<!-- \/.ht-feature-boxes -->\t\t<\/div>\n\t<\/div>\n<\/div><\/div>\n\n\t<\/div>\n<\/section>\n<section class=\"fw-main-row\" style=\"\"  >\n\t<div class=\"fw-main-row-bg\" style=\" \" ><\/div>\n\t<div class=\"fw-main-row-overlay\" ><\/div>\n\t<div class=\"fw-container\">\n\t\t<div class=\"fw-row\">\n\t<div class=\"fw-col-xs-12\">\n\t<div class=\"fw-col-inner\" style=\"color:;padding-top:px;padding-right:px;padding-bottom:px;padding-left:px;\">\n\t\t<div class=\"overlay\" style=\"background-color:;\"><\/div>\n\t\t<div class=\"fw-col-content\">\n\t\t\t\n\t<div class=\"fw-divider-space\" style=\"padding-top: 100px;\"><\/div>\n\t\t<\/div>\n\t<\/div>\n<\/div><\/div>\n\n\t<\/div>\n<\/section>\n<section class=\"fw-main-row has-parallax\" style=\"background-color:rgba(0,0,0,0.3);padding-top:130px;padding-bottom:130px;\"  >\n\t<div class=\"fw-main-row-bg\" style=\"background-image:url(https:\/\/seegasthof.net\/wp-content\/uploads\/divider_kuchen4.jpg); \" data-top-bottom=\"transform: translateY(300px);\" data-bottom-top=\"transform: translateY(0px);\"><\/div>\n\t<div class=\"fw-main-row-overlay\" style=\"background-color:rgba(0,0,0,0.3);\"><\/div>\n\t<div class=\"fw-container\">\n\t\t<div class=\"fw-row\">\n\t<div class=\"fw-col-xs-12\">\n\t<div class=\"fw-col-inner\" style=\"color:;padding-top:px;padding-right:px;padding-bottom:px;padding-left:px;\">\n\t\t<div class=\"overlay\" style=\"background-color:;\"><\/div>\n\t\t<div class=\"fw-col-content\">\n\t\t\t\n<div class=\"ht-intro\" style=\"color: #ffffff\">\n\t<div class=\"entry-content\">\n\t\t\t\t\t\t\t<p class=\"mid-line\">Dessert<\/p>\n\t\t\t\t\t\t\t<p class=\"bot-line\">T\u00e4glich hausgemachte Kuchen und Torten sind genauso zu empfehlen wie unsere Dessertspezialit\u00e4ten<\/p>\n\t\t\t<\/div>\n\t<!-- \/.entry-content -->\n<\/div>\n<!-- \/.ht-feature-boxes -->\t\t<\/div>\n\t<\/div>\n<\/div><\/div>\n\n\t<\/div>\n<\/section>\n<section class=\"fw-main-row\" style=\"\"  >\n\t<div class=\"fw-main-row-bg\" style=\" \" ><\/div>\n\t<div class=\"fw-main-row-overlay\" ><\/div>\n\t<div class=\"fw-container\">\n\t\t<div class=\"fw-row\">\n\t<div class=\"fw-col-xs-12\">\n\t<div class=\"fw-col-inner\" style=\"color:;padding-top:px;padding-right:px;padding-bottom:px;padding-left:px;\">\n\t\t<div class=\"overlay\" style=\"background-color:;\"><\/div>\n\t\t<div class=\"fw-col-content\">\n\t\t\t\n\t<div class=\"fw-divider-space\" style=\"padding-top: 100px;\"><\/div>\n\t\t<\/div>\n\t<\/div>\n<\/div><\/div>\n\n\t<\/div>\n<\/section>\n<\/p>","protected":false},"excerpt":{"rendered":"<p>Spezialit\u00e4ten Vorschau unserer Spezialit\u00e4tenwochen 202503. Februar bis 16. Februar &#8211; S\u00fcdamerikanische Spezialit\u00e4tenSteaks, Fisch, Meeresfr\u00fcchte und tolle Weine &#8211; Ein Streifzug<\/p>","protected":false},"author":1,"featured_media":0,"parent":0,"menu_order":0,"comment_status":"closed","ping_status":"closed","template":"","meta":{"footnotes":""},"class_list":["post-3583","page","type-page","status-publish","hentry"],"_links":{"self":[{"href":"https:\/\/seegasthof.net\/en\/wp-json\/wp\/v2\/pages\/3583","targetHints":{"allow":["GET"]}}],"collection":[{"href":"https:\/\/seegasthof.net\/en\/wp-json\/wp\/v2\/pages"}],"about":[{"href":"https:\/\/seegasthof.net\/en\/wp-json\/wp\/v2\/types\/page"}],"author":[{"embeddable":true,"href":"https:\/\/seegasthof.net\/en\/wp-json\/wp\/v2\/users\/1"}],"replies":[{"embeddable":true,"href":"https:\/\/seegasthof.net\/en\/wp-json\/wp\/v2\/comments?post=3583"}],"version-history":[{"count":5,"href":"https:\/\/seegasthof.net\/en\/wp-json\/wp\/v2\/pages\/3583\/revisions"}],"predecessor-version":[{"id":4879,"href":"https:\/\/seegasthof.net\/en\/wp-json\/wp\/v2\/pages\/3583\/revisions\/4879"}],"wp:attachment":[{"href":"https:\/\/seegasthof.net\/en\/wp-json\/wp\/v2\/media?parent=3583"}],"curies":[{"name":"wp","href":"https:\/\/api.w.org\/{rel}","templated":true}]}}