{"id":4196,"date":"2018-05-14T07:56:05","date_gmt":"2018-05-14T07:56:05","guid":{"rendered":"http:\/\/seegasthof.net\/?page_id=4196"},"modified":"2024-06-28T08:15:47","modified_gmt":"2024-06-28T08:15:47","slug":"datenschutzerklaerung","status":"publish","type":"page","link":"https:\/\/seegasthof.net\/en\/datenschutzerklaerung\/","title":{"rendered":"Datenschutzerkl\u00e4rung"},"content":{"rendered":"<section class=\"fw-main-row\" style=\"\"  >\n\t<div class=\"fw-main-row-bg\" style=\" \" ><\/div>\n\t<div class=\"fw-main-row-overlay\" ><\/div>\n\t<div class=\"fw-container\">\n\t\t<div class=\"fw-row\">\n\t<div class=\"fw-col-xs-12\">\n\t<div class=\"fw-col-inner\" style=\"color:;padding-top:px;padding-right:px;padding-bottom:px;padding-left:px;\">\n\t\t<div class=\"overlay\" style=\"background-color:;\"><\/div>\n\t\t<div class=\"fw-col-content\">\n\t\t\t<div class=\"ht-text-block\" style=\"font-size: px; padding: 0 0;\">\n\t<\/div>\t\t<\/div>\n\t<\/div>\n<\/div><\/div>\n\n<div class=\"fw-row\">\n\t<div class=\"fw-col-xs-12\">\n\t<div class=\"fw-col-inner\" style=\"color:;padding-top:px;padding-right:px;padding-bottom:px;padding-left:px;\">\n\t\t<div class=\"overlay\" style=\"background-color:;\"><\/div>\n\t\t<div class=\"fw-col-content\">\n\t\t\t<div class=\"ht-text-block\" style=\"font-size: px; padding: 0 0;\">\n\t<p style=\"text-align: left;\"><strong>DATENSCHUTZERKL\u00c4RUNG<\/strong><\/p><p><strong>Anbieter und verantwortliche Stelle im Sinne des Datenschutzgesetzes<\/strong><\/p><p>Seegasthof Espachweiler Franz Bolz GbR<br \/>Bussardweg 1<br \/>73479 Ellwangen-Espachweiler<\/p><p><strong>Geltungsbereich<\/strong><\/p><p>Nutzer erhalten mit dieser Datenschutzerkl\u00e4rung Information \u00fcber die Art, den Umfang und Zweck der Erhebung und Verwendung ihrer Daten durch den verantwortlichen Anbieter. Den rechtlichen Rahmen f\u00fcr den Datenschutz bilden das Bundesdatenschutzgesetz (BDSG) und das Digitale-Dienste-Gesetz (DDG).<\/p><p><strong>Erfassung allgemeiner Informationen<\/strong><\/p><p>Mit jedem Zugriff auf dieses Angebot werden durch uns bzw. den Webspace-Provider automatisch Informationen erfasst. Diese Informationen, auch als Server-Logfiles bezeichnet, sind allgemeiner Natur und erlauben keine R\u00fcckschl\u00fcsse auf Ihre Person. Erfasst werden unter anderem: Name der Webseite, Datei, Datum, Datenmenge, Webbrowser und Webbrowser-Version, Betriebssystem, der Domainname Ihres Internet Providers, die sogenannte Referrer-URL (jene Seite, von der aus Sie auf unser Angebot zugegriffen haben) und die IP-Adresse. Ohne diese Daten w\u00e4re es technisch teils nicht m\u00f6glich, die Inhalte der Webseite auszuliefern und darzustellen. Insofern ist die Erfassung der Daten zwingend notwendig. Dar\u00fcber hinaus verwenden wir die anonymen Informationen f\u00fcr statistische Zwecke. Sie helfen uns bei der Optimierung des Angebots und der Technik. Wir behalten uns zudem das Recht vor, die Log-Files bei Verdacht auf eine rechtswidrige Nutzung unseres Angebotes nachtr\u00e4glich zu kontrollieren.<\/p><p><strong>Einbindung von Diensten und Inhalten Dritter<\/strong><\/p><p>Unser Angebot umfasst mitunter Inhalte, Dienste und Leistungen anderer Anbieter. Das sind zum Beispiel Karten, die von Google-Maps zur Verf\u00fcgung gestellt werden, Videos von YouTube sowie Grafiken und Bilder anderer Webseiten. Damit diese Daten im Browser des Nutzers aufgerufen und dargestellt werden k\u00f6nnen, ist die \u00dcbermittlung der IP-Adresse zwingend notwendig. Die Anbieter (im Folgenden als \u201eDritt-Anbieter\u201c bezeichnet) nehmen also die IP-Adresse des jeweiligen Nutzers wahr. Auch wenn wir bem\u00fcht sind, ausschlie\u00dflich Dritt-Anbieter zu nutzen, welche die IP-Adresse nur ben\u00f6tigen, um Inhalte ausliefern zu k\u00f6nnen, haben wir keinen Einfluss darauf, ob die IP-Adresse m\u00f6glicherweise gespeichert wird. Dieser Vorgang dient in dem Fall unter anderem statistischen Zwecken. Sofern wir Kenntnis davon haben, dass die IP-Adresse gespeichert wird, weisen wir unsere Nutzer darauf hin.<\/p><p><strong>Kontaktformular<\/strong><\/p><p>Wenn Sie uns \u00fcber das Onlineformular oder per E-Mail kontaktieren, speichern wir die von Ihnen gemachten Angaben, um Ihre Anfrage beantworten und m\u00f6gliche Anschlussfragen stellen zu k\u00f6nnen.<\/p><p><strong>Cookies<\/strong><\/p><p>Diese Webseite verwendet sogenannte Cookies. Das sind Textdateien, die vom Server aus auf Ihrem Rechner gespeichert werden. Sie enthalten Informationen zum Browser, zur IP-Adresse, dem Betriebssystem und zur Internetverbindung. Diese Daten werden von uns nicht an Dritte weitergegeben oder ohne Ihre Zustimmung mit personenbezogenen Daten verkn\u00fcpft. Cookies erf\u00fcllen vor allem zwei Aufgaben. Sie helfen uns, Ihnen die Navigation durch unser Angebot zu erleichtern, und erm\u00f6glichen die korrekte Darstellung der Webseite. Sie werden nicht dazu genutzt, Viren einzuschleusen oder Programme zu starten.Nutzer haben die M\u00f6glichkeit, unser Angebot auch ohne Cookies aufzurufen. Dazu m\u00fcssen im Browser die entsprechenden Einstellungen ge\u00e4ndert werden. Informieren Sie sich bitte \u00fcber die Hilfsfunktion Ihres Browsers, wie Cookies deaktiviert werden. Wir weisen allerdings darauf hin, dass dadurch einige Funktionen dieser Webseite m\u00f6glicherweise beeintr\u00e4chtigt werden und der Nutzungskomfort eingeschr\u00e4nkt wird. Die Seiten http:\/\/www.aboutads.info\/choices\/ (USA) und http:\/\/www.youronlinechoices.com\/uk\/your-ad-choices (Europa) erlauben es Ihnen, Online-Anzeigen-Cookies zu verwalten.<\/p><p><strong>Datensparsamkeit<\/strong><\/p><p>Personenbezogene Daten speichern wir gem\u00e4\u00df den Grunds\u00e4tzen der Datenvermeidung und Datensparsamkeit nur so lange, wie es erforderlich ist oder vom Gesetzgeber her vorgeschrieben wird (gesetzliche Speicherfrist). Entf\u00e4llt der Zweck der erhobenen Informationen oder endet die Speicherfrist, sperren oder l\u00f6schen wir die Daten.<\/p><p><strong>Ihre Rechte auf Auskunft, Berichtigung, Sperre, L\u00f6schung und Widerspruch<\/strong><\/p><p>Sie haben das Recht, auf Antrag unentgeltlich eine Auskunft, \u00fcber die bei uns gespeicherten personenbezogenen Daten, anzufordern und\/oder eine Berichtigung, Sperrung oder L\u00f6schung zu verlangen. Ausnahmen: Es handelt sich um die vorgeschriebene Datenspeicherung zur Gesch\u00e4ftsabwicklung oder die Daten unterliegen der gesetzlichen Aufbewahrungspflicht. Um eine Datensperre jederzeit ber\u00fccksichtigen zu k\u00f6nnen, ist es erforderlich, die Daten f\u00fcr Kontrollzwecke in einer Sperrdatei vorzuhalten. Besteht keine gesetzliche Archivierungspflicht, k\u00f6nnen Sie auch die L\u00f6schung der Daten verlangen. Anderenfalls sperren wir die Daten, sofern Sie dies w\u00fcnschen.<\/p><p><strong>\u00c4nderung unserer Datenschutzerkl\u00e4rung<\/strong><\/p><p>Um zu gew\u00e4hrleisten, dass unsere Datenschutzerkl\u00e4rung stets den aktuellen gesetzlichen Vorgaben entspricht, behalten wir uns jederzeit \u00c4nderungen vor. Das gilt auch f\u00fcr den Fall, dass die Datenschutzerkl\u00e4rung aufgrund neuer oder \u00fcberarbeiteter Leistungen, zum Beispiel neuer Serviceleistungen, angepasst werden muss. Die neue Datenschutzerkl\u00e4rung greift dann bei Ihrem n\u00e4chsten Besuch auf unserem Angebot.<\/p><p><small>Quelle: Datenschutz-Konfigurator von <a href=\"http:\/\/www.mein-datenschutzbeauftragter.de\" target=\"_blank\" rel=\"noopener\"><span style=\"color: black;\">mein-datenschutzbeauftragter.de<\/span><\/a><\/small><\/p><hr \/><p>Erg\u00e4nzung 11.03.2021<\/p><p><strong>Google Fonts<br \/><\/strong>Auf unserer Website nutzen wir Google Fonts der Firma Google Inc. F\u00fcr den europ\u00e4ischen Raum ist das Unternehmen Google Ireland Limited (Gordon House, Barrow Street Dublin 4, Irland) verantwortlich. Wir haben die Google-Schriftarten lokal, d.h. auf unserem Webserver \u2013 nicht auf den Servern von Google \u2013 eingebunden. Dadurch gibt es keine Verbindung zu Google-Servern und somit auch keine Daten\u00fcbertragung oder Speicherung.<\/p><\/div>\t\t<\/div>\n\t<\/div>\n<\/div><\/div>\n\n\t<\/div>\n<\/section>","protected":false},"excerpt":{"rendered":"<p>DATENSCHUTZERKL\u00c4RUNGAnbieter und verantwortliche Stelle im Sinne des DatenschutzgesetzesSeegasthof Espachweiler Franz Bolz GbRBussardweg 173479 Ellwangen-EspachweilerGeltungsbereichNutzer erhalten mit dieser Datenschutzerkl\u00e4rung Information \u00fcber<\/p>","protected":false},"author":1,"featured_media":0,"parent":0,"menu_order":0,"comment_status":"closed","ping_status":"closed","template":"","meta":{"footnotes":""},"class_list":["post-4196","page","type-page","status-publish","hentry"],"_links":{"self":[{"href":"https:\/\/seegasthof.net\/en\/wp-json\/wp\/v2\/pages\/4196","targetHints":{"allow":["GET"]}}],"collection":[{"href":"https:\/\/seegasthof.net\/en\/wp-json\/wp\/v2\/pages"}],"about":[{"href":"https:\/\/seegasthof.net\/en\/wp-json\/wp\/v2\/types\/page"}],"author":[{"embeddable":true,"href":"https:\/\/seegasthof.net\/en\/wp-json\/wp\/v2\/users\/1"}],"replies":[{"embeddable":true,"href":"https:\/\/seegasthof.net\/en\/wp-json\/wp\/v2\/comments?post=4196"}],"version-history":[{"count":2,"href":"https:\/\/seegasthof.net\/en\/wp-json\/wp\/v2\/pages\/4196\/revisions"}],"predecessor-version":[{"id":4866,"href":"https:\/\/seegasthof.net\/en\/wp-json\/wp\/v2\/pages\/4196\/revisions\/4866"}],"wp:attachment":[{"href":"https:\/\/seegasthof.net\/en\/wp-json\/wp\/v2\/media?parent=4196"}],"curies":[{"name":"wp","href":"https:\/\/api.w.org\/{rel}","templated":true}]}}