{"id":4407,"date":"2020-03-31T07:10:55","date_gmt":"2020-03-31T07:10:55","guid":{"rendered":"https:\/\/seegasthof.net\/?page_id=4407"},"modified":"2023-07-20T08:02:56","modified_gmt":"2023-07-20T08:02:56","slug":"essen-bestellen","status":"publish","type":"page","link":"https:\/\/seegasthof.net\/en\/essen-bestellen\/","title":{"rendered":"Essen bestellen"},"content":{"rendered":"<h2>Speisekarte zur Abholung<\/h2>\n<h3>W\u00e4hrend unserer K\u00fcchenzeiten (11:30 Uhr bis 13:45 Uhr und 17:30 Uhr bis 20:30 Uhr) bieten wir Ihnen folgende Gerichte zur Abholung an:<\/h3>\n<p>&nbsp;<\/p>\n<hr \/>\n<div class=\"glf-mor-restaurant-menu-wrapper\"><div class=\"glf-mor-restaurant-menu-category\"><h3>Traditionelle Fischwochen bis Karfreitag<\/h3><hr>\n\n                            <div class=\"glf-mor-restaurant-menu-item\"><div class=\"glf-mor-restaurant-menu-item-inner\">\n                            <div style=\"width: 100%\">\n                                <div class=\"glf-mor-restaurant-menu-item-header\"><h5 class=\"glf-mor-restaurant-menu-item-name\">ganze in B\u00e4rlauchbutter gebratene Nordsee Scholle mit Kartoffeln, Salate<\/h5><div class=\"glf-mor-restaurant-menu-item-price\" data-price=\"29.9\" data-currency=\"EUR\" data-decimals=\"2\"><span class=\"price\">29.9 EUR<\/span><\/div>\n                                <\/div>\n                                \n                            <\/div>\n                        <\/div><\/div><hr><\/div><div class=\"glf-mor-restaurant-menu-category\"><h3>Unser Tagesessen von Montag bis Mittwoch von 11.30  bis 13.45 Uhr<\/h3><hr>\n\n                            <div class=\"glf-mor-restaurant-menu-item\"><div class=\"glf-mor-restaurant-menu-item-inner\">\n                            <div style=\"width: 100%\">\n                                <div class=\"glf-mor-restaurant-menu-item-header\"><h5 class=\"glf-mor-restaurant-menu-item-name\">Montag, 30.03. Schweinesteak mit Blumenkohlgem\u00fcse, Kroketten<\/h5><div class=\"glf-mor-restaurant-menu-item-price\" data-price=\"10.3\" data-currency=\"EUR\" data-decimals=\"2\"><span class=\"price\">10.3 EUR<\/span><\/div>\n                                <\/div>\n                                \n                            <\/div>\n                        <\/div><\/div><hr>\n\n                            <div class=\"glf-mor-restaurant-menu-item\"><div class=\"glf-mor-restaurant-menu-item-inner\">\n                            <div style=\"width: 100%\">\n                                <div class=\"glf-mor-restaurant-menu-item-header\"><h5 class=\"glf-mor-restaurant-menu-item-name\">Dienstag.31.03. Putenschnitzel in Ei-K\u00e4seh\u00fclle, Tomatenso\u00dfe, Nudeln, Brokkoligem\u00fcse<\/h5><div class=\"glf-mor-restaurant-menu-item-price\" data-price=\"10.3\" data-currency=\"EUR\" data-decimals=\"2\"><span class=\"price\">10.3 EUR<\/span><\/div>\n                                <\/div>\n                                \n                            <\/div>\n                        <\/div><\/div><hr>\n\n                            <div class=\"glf-mor-restaurant-menu-item\"><div class=\"glf-mor-restaurant-menu-item-inner\">\n                            <div style=\"width: 100%\">\n                                <div class=\"glf-mor-restaurant-menu-item-header\"><h5 class=\"glf-mor-restaurant-menu-item-name\">Mittwoch, 01.04. K\u00e4sesp\u00e4tzle, mit Salaten<\/h5><div class=\"glf-mor-restaurant-menu-item-price\" data-price=\"10.3\" data-currency=\"EUR\" data-decimals=\"2\"><span class=\"price\">10.3 EUR<\/span><\/div>\n                                <\/div>\n                                \n                            <\/div>\n                        <\/div><\/div><hr><\/div><div class=\"glf-mor-restaurant-menu-category\"><h3>Vegetarische Gerichte oder Vegan<\/h3><hr>\n\n                            <div class=\"glf-mor-restaurant-menu-item\"><div class=\"glf-mor-restaurant-menu-item-inner\">\n                            <div style=\"width: 100%\">\n                                <div class=\"glf-mor-restaurant-menu-item-header\"><h5 class=\"glf-mor-restaurant-menu-item-name\">Champignons in Kr\u00e4uter- Sahneso\u00dfe Semmelkn\u00f6del, Salate<\/h5><div class=\"glf-mor-restaurant-menu-item-price\" data-price=\"19.9\" data-currency=\"EUR\" data-decimals=\"2\"><span class=\"price\">19.9 EUR<\/span><\/div>\n                                <\/div>\n                                \n                            <\/div>\n                        <\/div><\/div><hr>\n\n                            <div class=\"glf-mor-restaurant-menu-item\"><div class=\"glf-mor-restaurant-menu-item-inner\">\n                            <div style=\"width: 100%\">\n                                <div class=\"glf-mor-restaurant-menu-item-header\"><h5 class=\"glf-mor-restaurant-menu-item-name\">Bunte Gem\u00fcseplatte \"Seegasthof\" mit Kartoffelrouladen oder vegan mit Kokosmilchso\u00dfe, Basmatireis<\/h5><div class=\"glf-mor-restaurant-menu-item-price\" data-price=\"20.9\" data-currency=\"EUR\" data-decimals=\"2\"><span class=\"price\">20.9 EUR<\/span><\/div>\n                                <\/div>\n                                \n                            <\/div>\n                        <\/div><\/div><hr>\n\n                            <div class=\"glf-mor-restaurant-menu-item\"><div class=\"glf-mor-restaurant-menu-item-inner\">\n                            <div style=\"width: 100%\">\n                                <div class=\"glf-mor-restaurant-menu-item-header\"><h5 class=\"glf-mor-restaurant-menu-item-name\">Ravioli mit Frischk\u00e4se-Kr\u00e4uterf\u00fcllung an Steinpilzrahm, Salate<\/h5><div class=\"glf-mor-restaurant-menu-item-price\" data-price=\"21.9\" data-currency=\"EUR\" data-decimals=\"2\"><span class=\"price\">21.9 EUR<\/span><\/div>\n                                <\/div>\n                                \n                            <\/div>\n                        <\/div><\/div><hr>\n\n                            <div class=\"glf-mor-restaurant-menu-item\"><div class=\"glf-mor-restaurant-menu-item-inner\">\n                            <div style=\"width: 100%\">\n                                <div class=\"glf-mor-restaurant-menu-item-header\"><h5 class=\"glf-mor-restaurant-menu-item-name\">ofenwarme Quiche mit Ziegenk\u00e4se, Honig und Haselnuss mit buntem Gem\u00fcse<\/h5><div class=\"glf-mor-restaurant-menu-item-price\" data-price=\"21.9\" data-currency=\"EUR\" data-decimals=\"2\"><span class=\"price\">21.9 EUR<\/span><\/div>\n                                <\/div>\n                                \n                            <\/div>\n                        <\/div><\/div><hr><\/div><div class=\"glf-mor-restaurant-menu-category\"><h3>Auszug aus unserer Speisekarte zum Abholen. Vorspeisen und Suppen<\/h3><hr>\n\n                            <div class=\"glf-mor-restaurant-menu-item\"><div class=\"glf-mor-restaurant-menu-item-inner\">\n                            <div style=\"width: 100%\">\n                                <div class=\"glf-mor-restaurant-menu-item-header\"><h5 class=\"glf-mor-restaurant-menu-item-name\">Bestellung  per mail m\u00f6glich unter seegasthof@t-online.de oder 07961\/7760<\/h5><div class=\"glf-mor-restaurant-menu-item-price\" data-price=\"0.01\" data-currency=\"EUR\" data-decimals=\"2\"><span class=\"price\">0.01 EUR<\/span><\/div>\n                                <\/div>\n                                \n                            <\/div>\n                        <\/div><\/div><hr>\n\n                            <div class=\"glf-mor-restaurant-menu-item\"><div class=\"glf-mor-restaurant-menu-item-inner\">\n                            <div style=\"width: 100%\">\n                                <div class=\"glf-mor-restaurant-menu-item-header\"><h5 class=\"glf-mor-restaurant-menu-item-name\">Schw\u00e4bische Hochzeitsuppe<\/h5><div class=\"glf-mor-restaurant-menu-item-price\" data-price=\"8.9\" data-currency=\"EUR\" data-decimals=\"2\"><span class=\"price\">8.9 EUR<\/span><\/div>\n                                <\/div>\n                                \n                            <\/div>\n                        <\/div><\/div><hr>\n\n                            <div class=\"glf-mor-restaurant-menu-item\"><div class=\"glf-mor-restaurant-menu-item-inner\">\n                            <div style=\"width: 100%\">\n                                <div class=\"glf-mor-restaurant-menu-item-header\"><h5 class=\"glf-mor-restaurant-menu-item-name\">Steinpilzrahmsuppe mit Rehschinken und Croutons<\/h5><div class=\"glf-mor-restaurant-menu-item-price\" data-price=\"8.9\" data-currency=\"EUR\" data-decimals=\"2\"><span class=\"price\">8.9 EUR<\/span><\/div>\n                                <\/div>\n                                \n                            <\/div>\n                        <\/div><\/div><hr>\n\n                            <div class=\"glf-mor-restaurant-menu-item\"><div class=\"glf-mor-restaurant-menu-item-inner\">\n                            <div style=\"width: 100%\">\n                                <div class=\"glf-mor-restaurant-menu-item-header\"><h5 class=\"glf-mor-restaurant-menu-item-name\">\u00dcberbackener Ziegenfrischk\u00e4se auf Zucchini-Paprikagem\u00fcse, Brot<\/h5><div class=\"glf-mor-restaurant-menu-item-price\" data-price=\"12.9\" data-currency=\"EUR\" data-decimals=\"2\"><span class=\"price\">12.9 EUR<\/span><\/div>\n                                <\/div>\n                                \n                            <\/div>\n                        <\/div><\/div><hr>\n\n                            <div class=\"glf-mor-restaurant-menu-item\"><div class=\"glf-mor-restaurant-menu-item-inner\">\n                            <div style=\"width: 100%\">\n                                <div class=\"glf-mor-restaurant-menu-item-header\"><h5 class=\"glf-mor-restaurant-menu-item-name\">Ger\u00e4uchertes Forellenfilet mit Meerrettich-Preiselbeersahne, Brot11,90<\/h5><div class=\"glf-mor-restaurant-menu-item-price\" data-price=\"11.9\" data-currency=\"EUR\" data-decimals=\"2\"><span class=\"price\">11.9 EUR<\/span><\/div>\n                                <\/div>\n                                \n                            <\/div>\n                        <\/div><\/div><hr>\n\n                            <div class=\"glf-mor-restaurant-menu-item\"><div class=\"glf-mor-restaurant-menu-item-inner\">\n                            <div style=\"width: 100%\">\n                                <div class=\"glf-mor-restaurant-menu-item-header\"><h5 class=\"glf-mor-restaurant-menu-item-name\">Carpaccio vom Rinderfilet mit Oliven\u00f6l und Balsamicoessig, Brot<\/h5><div class=\"glf-mor-restaurant-menu-item-price\" data-price=\"17.9\" data-currency=\"EUR\" data-decimals=\"2\"><span class=\"price\">17.9 EUR<\/span><\/div>\n                                <\/div>\n                                \n                            <\/div>\n                        <\/div><\/div><hr>\n\n                            <div class=\"glf-mor-restaurant-menu-item\"><div class=\"glf-mor-restaurant-menu-item-inner\">\n                            <div style=\"width: 100%\">\n                                <div class=\"glf-mor-restaurant-menu-item-header\"><h5 class=\"glf-mor-restaurant-menu-item-name\">aufgeschlagene Hummersuppe mit gebratenen Garnelen<\/h5><div class=\"glf-mor-restaurant-menu-item-price\" data-price=\"9.9\" data-currency=\"EUR\" data-decimals=\"2\"><span class=\"price\">9.9 EUR<\/span><\/div>\n                                <\/div>\n                                \n                            <\/div>\n                        <\/div><\/div><hr><\/div><div class=\"glf-mor-restaurant-menu-category\"><h3>Main dishes<\/h3><hr>\n\n                            <div class=\"glf-mor-restaurant-menu-item\"><div class=\"glf-mor-restaurant-menu-item-inner\">\n                            <div style=\"width: 100%\">\n                                <div class=\"glf-mor-restaurant-menu-item-header\"><h5 class=\"glf-mor-restaurant-menu-item-name\">Schweineschnitzel paniert mit Pommes frites, Salate<\/h5><div class=\"glf-mor-restaurant-menu-item-price\" data-price=\"17.5\" data-currency=\"EUR\" data-decimals=\"2\"><span class=\"price\">17.5 EUR<\/span><\/div>\n                                <\/div>\n                                \n                            <\/div>\n                        <\/div><\/div><hr>\n\n                            <div class=\"glf-mor-restaurant-menu-item\"><div class=\"glf-mor-restaurant-menu-item-inner\">\n                            <div style=\"width: 100%\">\n                                <div class=\"glf-mor-restaurant-menu-item-header\"><h5 class=\"glf-mor-restaurant-menu-item-name\">Cordon-Bleu LGS Ellwangen mit Schinken, K\u00e4se und Kr\u00e4utern gef\u00fcllt, Pommes frites, Salate<\/h5><div class=\"glf-mor-restaurant-menu-item-price\" data-price=\"23.9\" data-currency=\"EUR\" data-decimals=\"2\"><span class=\"price\">23.9 EUR<\/span><\/div>\n                                <\/div>\n                                \n                            <\/div>\n                        <\/div><\/div><hr>\n\n                            <div class=\"glf-mor-restaurant-menu-item\"><div class=\"glf-mor-restaurant-menu-item-inner\">\n                            <div style=\"width: 100%\">\n                                <div class=\"glf-mor-restaurant-menu-item-header\"><h5 class=\"glf-mor-restaurant-menu-item-name\">Schweinelende an Rahmso\u00dfe, Pilze, Sp\u00e4tzle, Salate<\/h5><div class=\"glf-mor-restaurant-menu-item-price\" data-price=\"26.9\" data-currency=\"EUR\" data-decimals=\"2\"><span class=\"price\">26.9 EUR<\/span><\/div>\n                                <\/div>\n                                \n                            <\/div>\n                        <\/div><\/div><hr>\n\n                            <div class=\"glf-mor-restaurant-menu-item\"><div class=\"glf-mor-restaurant-menu-item-inner\">\n                            <div style=\"width: 100%\">\n                                <div class=\"glf-mor-restaurant-menu-item-header\"><h5 class=\"glf-mor-restaurant-menu-item-name\">Schweiner\u00fcckensteak mit Pfefferrahmso\u00dfe, Sp\u00e4tzle, Salate<\/h5><div class=\"glf-mor-restaurant-menu-item-price\" data-price=\"24.9\" data-currency=\"EUR\" data-decimals=\"2\"><span class=\"price\">24.9 EUR<\/span><\/div>\n                                <\/div>\n                                \n                            <\/div>\n                        <\/div><\/div><hr>\n\n                            <div class=\"glf-mor-restaurant-menu-item\"><div class=\"glf-mor-restaurant-menu-item-inner\">\n                            <div style=\"width: 100%\">\n                                <div class=\"glf-mor-restaurant-menu-item-header\"><h5 class=\"glf-mor-restaurant-menu-item-name\">Putensteak mit Kr\u00e4uterkruste \u00fcberbacken, Kartoffelrouladen, Salate<\/h5><div class=\"glf-mor-restaurant-menu-item-price\" data-price=\"25.9\" data-currency=\"EUR\" data-decimals=\"2\"><span class=\"price\">25.9 EUR<\/span><\/div>\n                                <\/div>\n                                \n                            <\/div>\n                        <\/div><\/div><hr>\n\n                            <div class=\"glf-mor-restaurant-menu-item\"><div class=\"glf-mor-restaurant-menu-item-inner\">\n                            <div style=\"width: 100%\">\n                                <div class=\"glf-mor-restaurant-menu-item-header\"><h5 class=\"glf-mor-restaurant-menu-item-name\">Espachweiler Sauerbraten mit Sp\u00e4tzle, Salate<\/h5><div class=\"glf-mor-restaurant-menu-item-price\" data-price=\"24.9\" data-currency=\"EUR\" data-decimals=\"2\"><span class=\"price\">24.9 EUR<\/span><\/div>\n                                <\/div>\n                                \n                            <\/div>\n                        <\/div><\/div><hr>\n\n                            <div class=\"glf-mor-restaurant-menu-item\"><div class=\"glf-mor-restaurant-menu-item-inner\">\n                            <div style=\"width: 100%\">\n                                <div class=\"glf-mor-restaurant-menu-item-header\"><h5 class=\"glf-mor-restaurant-menu-item-name\">Rostbraten mit geschmelzten Zwiebeln, Sp\u00e4tzle, Salatteller<\/h5><div class=\"glf-mor-restaurant-menu-item-price\" data-price=\"33.9\" data-currency=\"EUR\" data-decimals=\"2\"><span class=\"price\">33.9 EUR<\/span><\/div>\n                                <\/div>\n                                \n                            <\/div>\n                        <\/div><\/div><hr>\n\n                            <div class=\"glf-mor-restaurant-menu-item\"><div class=\"glf-mor-restaurant-menu-item-inner\">\n                            <div style=\"width: 100%\">\n                                <div class=\"glf-mor-restaurant-menu-item-header\"><h5 class=\"glf-mor-restaurant-menu-item-name\">Rehbraten aus der Keule an Trollingerso\u00dfe,  Pilze, Preiselbeerapfel, Sp\u00e4tzle, Salate<\/h5><div class=\"glf-mor-restaurant-menu-item-price\" data-price=\"28.9\" data-currency=\"EUR\" data-decimals=\"2\"><span class=\"price\">28.9 EUR<\/span><\/div>\n                                <\/div>\n                                \n                            <\/div>\n                        <\/div><\/div><hr>\n\n                            <div class=\"glf-mor-restaurant-menu-item\"><div class=\"glf-mor-restaurant-menu-item-inner\">\n                            <div style=\"width: 100%\">\n                                <div class=\"glf-mor-restaurant-menu-item-header\"><h5 class=\"glf-mor-restaurant-menu-item-name\">\u201eVitalsalat\u201c Salate mit ger\u00f6steten K\u00fcrbiskernen, gebratene Putenstreifen in Sojaso\u00dfe, Brot<\/h5><div class=\"glf-mor-restaurant-menu-item-price\" data-price=\"15.9\" data-currency=\"EUR\" data-decimals=\"2\"><span class=\"price\">15.9 EUR<\/span><\/div>\n                                <\/div>\n                                \n                            <\/div>\n                        <\/div><\/div><hr>\n\n                            <div class=\"glf-mor-restaurant-menu-item\"><div class=\"glf-mor-restaurant-menu-item-inner\">\n                            <div style=\"width: 100%\">\n                                <div class=\"glf-mor-restaurant-menu-item-header\"><h5 class=\"glf-mor-restaurant-menu-item-name\">\u201eFischersalat\u201c Bunte  Blattsalate mit gebratenem Fisch und Meeresfr\u00fcchten, Brot<\/h5><div class=\"glf-mor-restaurant-menu-item-price\" data-price=\"17.9\" data-currency=\"EUR\" data-decimals=\"2\"><span class=\"price\">17.9 EUR<\/span><\/div>\n                                <\/div>\n                                \n                            <\/div>\n                        <\/div><\/div><hr>\n\n                            <div class=\"glf-mor-restaurant-menu-item\"><div class=\"glf-mor-restaurant-menu-item-inner\">\n                            <div style=\"width: 100%\">\n                                <div class=\"glf-mor-restaurant-menu-item-header\"><h5 class=\"glf-mor-restaurant-menu-item-name\">ungarisches Rindsgulasch miit Sp\u00e4tzle, Salate<\/h5><div class=\"glf-mor-restaurant-menu-item-price\" data-price=\"17.9\" data-currency=\"EUR\" data-decimals=\"2\"><span class=\"price\">17.9 EUR<\/span><\/div>\n                                <\/div>\n                                \n                            <\/div>\n                        <\/div><\/div><hr>\n\n                            <div class=\"glf-mor-restaurant-menu-item\"><div class=\"glf-mor-restaurant-menu-item-inner\">\n                            <div style=\"width: 100%\">\n                                <div class=\"glf-mor-restaurant-menu-item-header\"><h5 class=\"glf-mor-restaurant-menu-item-name\">Fischvariation Seegasthof an Hummerbutterso\u00dfe, Nudeln, Salate<\/h5><div class=\"glf-mor-restaurant-menu-item-price\" data-price=\"33.9\" data-currency=\"EUR\" data-decimals=\"2\"><span class=\"price\">33.9 EUR<\/span><\/div>\n                                <\/div>\n                                \n                            <\/div>\n                        <\/div><\/div><hr>\n\n                            <div class=\"glf-mor-restaurant-menu-item\"><div class=\"glf-mor-restaurant-menu-item-inner\">\n                            <div style=\"width: 100%\">\n                                <div class=\"glf-mor-restaurant-menu-item-header\"><h5 class=\"glf-mor-restaurant-menu-item-name\">gebratene Lachsschnitte an Rieslingso\u00dfe, Basmatireis, Salate<\/h5><div class=\"glf-mor-restaurant-menu-item-price\" data-price=\"32.9\" data-currency=\"EUR\" data-decimals=\"2\"><span class=\"price\">32.9 EUR<\/span><\/div>\n                                <\/div>\n                                \n                            <\/div>\n                        <\/div><\/div><hr>\n\n                            <div class=\"glf-mor-restaurant-menu-item\"><div class=\"glf-mor-restaurant-menu-item-inner\">\n                            <div style=\"width: 100%\">\n                                <div class=\"glf-mor-restaurant-menu-item-header\"><h5 class=\"glf-mor-restaurant-menu-item-name\">Rehgulasch Ellwanger Wildwochen mit Semmelkn\u00f6del, Salate<\/h5><div class=\"glf-mor-restaurant-menu-item-price\" data-price=\"23.9\" data-currency=\"EUR\" data-decimals=\"2\"><span class=\"price\">23.9 EUR<\/span><\/div>\n                                <\/div>\n                                \n                            <\/div>\n                        <\/div><\/div><hr>\n\n                            <div class=\"glf-mor-restaurant-menu-item\"><div class=\"glf-mor-restaurant-menu-item-inner\">\n                            <div style=\"width: 100%\">\n                                <div class=\"glf-mor-restaurant-menu-item-header\"><h5 class=\"glf-mor-restaurant-menu-item-name\">gebratenes Zanderfilet an B\u00e4rlauchspinat, Kartoffelgratin<\/h5><div class=\"glf-mor-restaurant-menu-item-price\" data-price=\"32.9\" data-currency=\"EUR\" data-decimals=\"2\"><span class=\"price\">32.9 EUR<\/span><\/div>\n                                <\/div>\n                                \n                            <\/div>\n                        <\/div><\/div><hr><\/div><div class=\"glf-mor-restaurant-menu-category\"><h3>Aus unserer Dessertk\u00fcche<\/h3><hr>\n\n                            <div class=\"glf-mor-restaurant-menu-item\"><div class=\"glf-mor-restaurant-menu-item-inner\">\n                            <div style=\"width: 100%\">\n                                <div class=\"glf-mor-restaurant-menu-item-header\"><h5 class=\"glf-mor-restaurant-menu-item-name\">Schokoladenmus und Schokosouffle mit frischen Fr\u00fcchten<\/h5><div class=\"glf-mor-restaurant-menu-item-price\" data-price=\"13.9\" data-currency=\"EUR\" data-decimals=\"2\"><span class=\"price\">13.9 EUR<\/span><\/div>\n                                <\/div>\n                                \n                            <\/div>\n                        <\/div><\/div><hr>\n\n                            <div class=\"glf-mor-restaurant-menu-item\"><div class=\"glf-mor-restaurant-menu-item-inner\">\n                            <div style=\"width: 100%\">\n                                <div class=\"glf-mor-restaurant-menu-item-header\"><h5 class=\"glf-mor-restaurant-menu-item-name\">hausgemachtes Tiramisu mit Erdbeermark<\/h5><div class=\"glf-mor-restaurant-menu-item-price\" data-price=\"10.9\" data-currency=\"EUR\" data-decimals=\"2\"><span class=\"price\">10.9 EUR<\/span><\/div>\n                                <\/div>\n                                \n                            <\/div>\n                        <\/div><\/div><hr><\/div><\/div>\n            <script type=\"text\/javascript\">\n                document.addEventListener( \"DOMContentLoaded\", function ( event ) {\n                if (typeof jQuery != \"undefined\") {\n                    jQuery(document).ready(function() {\n                           jQuery(\".glf-mor-restaurant-menu-item-price\").each(function() {\n                                const el=jQuery(this);\n                                const el_Price=jQuery(this).find(\"> span.price\");\n                                const price=parseFloat(el.data(\"price\"));\n                                const currency= el.data(\"currency\")\n                                const numberOfDigits = parseInt( el.data(\"decimals\") );\n                                const localeStringOptions = {\n                                    style:\"currency\",\n                                    currency: currency,\n                                    minimumFractionDigits: numberOfDigits,\n                                    maximumFractionDigits: numberOfDigits                                    \n                                }; \n                                el_Price.html(price.toLocaleString('de', localeStringOptions))\n                            });\n                       });\n                    }\n                });\n            <\/script>\n<p>&nbsp;<\/p>\n<h3><span style=\"color: #990505;\">Bitte beachten Sie, dass eine verbindliche Bestellung bis zum Vorabend vorgenommen werden sollte. <\/span><span style=\"color: #990505;\">Bei Fragen k\u00f6nnen Sie uns gerne telefonisch unter 07961 7760 erreichen.<\/span><\/h3>\n<h3><span style=\"color: #990505;\">Hier k\u00f6nnen Sie Ihre Bestellung online t\u00e4tigen:<br \/>\n<\/span><\/h3>\n<span class=\"glf-button-default glf-button\" style='background-color:#BD501E; color:#FFFFFF !important; font-weight:bold; font-size:18px; padding:15px; border-radius:3px; font-family:\"Arial\", sans-serif; '  data-glf-cuid=\"\" data-glf-ruid=\"eb603639-9132-4241-951f-afc4ce637918\"  data-location=\"eb603639-9132-4241-951f-afc4ce637918\">Essen bestellen<\/span><script src=\"https:\/\/www.fbgcdn.com\/embedder\/js\/ewm2.js\" defer async ><\/script><style> .glf-ordering-location > span{display:none;} <\/style>","protected":false},"excerpt":{"rendered":"<p>Speisekarte zur Abholung W\u00e4hrend unserer K\u00fcchenzeiten (11:30 Uhr bis 13:45 Uhr und 17:30 Uhr bis 20:30 Uhr) bieten wir Ihnen<\/p>","protected":false},"author":1,"featured_media":0,"parent":0,"menu_order":0,"comment_status":"closed","ping_status":"closed","template":"","meta":{"footnotes":""},"class_list":["post-4407","page","type-page","status-publish","hentry"],"_links":{"self":[{"href":"https:\/\/seegasthof.net\/en\/wp-json\/wp\/v2\/pages\/4407","targetHints":{"allow":["GET"]}}],"collection":[{"href":"https:\/\/seegasthof.net\/en\/wp-json\/wp\/v2\/pages"}],"about":[{"href":"https:\/\/seegasthof.net\/en\/wp-json\/wp\/v2\/types\/page"}],"author":[{"embeddable":true,"href":"https:\/\/seegasthof.net\/en\/wp-json\/wp\/v2\/users\/1"}],"replies":[{"embeddable":true,"href":"https:\/\/seegasthof.net\/en\/wp-json\/wp\/v2\/comments?post=4407"}],"version-history":[{"count":19,"href":"https:\/\/seegasthof.net\/en\/wp-json\/wp\/v2\/pages\/4407\/revisions"}],"predecessor-version":[{"id":4794,"href":"https:\/\/seegasthof.net\/en\/wp-json\/wp\/v2\/pages\/4407\/revisions\/4794"}],"wp:attachment":[{"href":"https:\/\/seegasthof.net\/en\/wp-json\/wp\/v2\/media?parent=4407"}],"curies":[{"name":"wp","href":"https:\/\/api.w.org\/{rel}","templated":true}]}}