{"id":179,"date":"2024-05-06T13:23:24","date_gmt":"2024-05-06T11:23:24","guid":{"rendered":"https:\/\/seegasthof.net\/shop\/?page_id=179"},"modified":"2024-05-06T13:54:26","modified_gmt":"2024-05-06T11:54:26","slug":"impressum","status":"publish","type":"page","link":"https:\/\/seegasthof.net\/shop\/impressum\/","title":{"rendered":"Impressum"},"content":{"rendered":"\n<h3 class=\"wp-block-heading has-medium-font-size\" style=\"text-transform:uppercase\">Impressum<\/h3>\n\n\n\n<p>Seegasthof Espachweiler Franz Bolz GbR<br>Bussardweg 1<br>73479 Ellwangen-Espachweiler<br>Telefon: +49(0)7961-7760<br>Fax: +49(0)7961-53846<br>E-Mail: seegasthof@t-online.de<br>Internet: http:\/\/www.seegasthof.net<\/p>\n\n\n\n<p>Umsatzsteuer-Identifikationsnummer gem\u00e4\u00df \u00a7 27a Umsatzsteuergesetz: UST.ID.Nr. 258035714<br>Inhaltlich Verantwortlicher gem\u00e4\u00df \u00a7 55 Abs. 2 RStV: Franz Bolz (Anschrift wie oben).<\/p>\n\n\n\n<h3 class=\"wp-block-heading has-medium-font-size\" style=\"text-transform:uppercase\">Copyrights<\/h3>\n\n\n\n<p>Alle auf dieser Website genannten Produktnamen, Produktbezeichnungen und Logos sind eingetragene Warenzeichen und Eigentum der jeweiligen Rechteinhaber. Das Design, Fotos, Grafiken und Inhalte sind unser geistiges Eigentum, soweit nicht einzelne Inhalte dem Copyright Dritter unterliegen. Bei der Wiedergabe fremder Inhalte liegt eine Genehmigung der jeweiligen Inhaber vor, sofern nicht eine generelle Genehmigung vorliegt. \u00dcbernahme der von uns erstellten Grafiken, und Teilen des Designs nur mit vorheriger schriftlicher Genehmigung.<\/p>\n\n\n\n<h3 class=\"wp-block-heading has-medium-font-size\" style=\"text-transform:uppercase\">Haftungsausschluss<\/h3>\n\n\n\n<p>F\u00fcr Informationen die durch Dritte angeboten oder gepflegt werden und auf die wir ggf. verweisen (sog. externe Links) \u00fcbernehmen wir keine Haftung. Wir distanzieren uns von den Inhalten der auf unserer Web-Pr\u00e4senz verlinkten externen Web-Pages und weisen ausdr\u00fccklich darauf hin, dass wir keinerlei Gew\u00e4hrleistung f\u00fcr die Richtigkeit der dort gemachten Angaben \u00fcbernehmen. Alle Informationen, die sich auf den von uns zur Verf\u00fcgung gestellten Webseiten befinden, sind mit Sorgfalt zusammengestellt und ausgew\u00e4hlt. Wir k\u00f6nnen jedoch keine Gew\u00e4hr f\u00fcr Richtigkeit, Vollst\u00e4ndigkeit und Aktualit\u00e4t der Informationen aus unserem Web-Angebot \u00fcbernehmen.<\/p>\n\n\n\n<h3 class=\"wp-block-heading has-medium-font-size\" style=\"text-transform:uppercase\">Design und Programmierung<\/h3>\n\n\n\n<p>44media &#8211; Agentur f\u00fcr neue Medien<br><a href=\"http:\/\/www.44media.de\/\" target=\"_blank\" rel=\"noreferrer noopener\">https:\/\/www.44media.de<\/a><\/p>\n\n\n\n<div style=\"height:67px\" aria-hidden=\"true\" class=\"wp-block-spacer\"><\/div>\n","protected":false},"excerpt":{"rendered":"<p>Impressum Seegasthof Espachweiler Franz Bolz GbRBussardweg 173479 Ellwangen-EspachweilerTelefon: +49(0)7961-7760Fax: +49(0)7961-53846E-Mail: seegasthof@t-online.deInternet: http:\/\/www.seegasthof.net Umsatzsteuer-Identifikationsnummer gem\u00e4\u00df \u00a7 27a Umsatzsteuergesetz: UST.ID.Nr. 258035714Inhaltlich Verantwortlicher gem\u00e4\u00df \u00a7 55 Abs. 2 RStV: Franz Bolz (Anschrift wie oben). Copyrights Alle auf dieser Website genannten Produktnamen, Produktbezeichnungen und Logos sind eingetragene Warenzeichen und Eigentum der jeweiligen Rechteinhaber. Das Design, Fotos, Grafiken und Inhalte [&hellip;]<\/p>\n","protected":false},"author":1,"featured_media":0,"parent":0,"menu_order":0,"comment_status":"closed","ping_status":"closed","template":"page-no-title","meta":{"footnotes":""},"class_list":["post-179","page","type-page","status-publish","hentry"],"aioseo_notices":[],"_links":{"self":[{"href":"https:\/\/seegasthof.net\/shop\/wp-json\/wp\/v2\/pages\/179","targetHints":{"allow":["GET"]}}],"collection":[{"href":"https:\/\/seegasthof.net\/shop\/wp-json\/wp\/v2\/pages"}],"about":[{"href":"https:\/\/seegasthof.net\/shop\/wp-json\/wp\/v2\/types\/page"}],"author":[{"embeddable":true,"href":"https:\/\/seegasthof.net\/shop\/wp-json\/wp\/v2\/users\/1"}],"replies":[{"embeddable":true,"href":"https:\/\/seegasthof.net\/shop\/wp-json\/wp\/v2\/comments?post=179"}],"version-history":[{"count":6,"href":"https:\/\/seegasthof.net\/shop\/wp-json\/wp\/v2\/pages\/179\/revisions"}],"predecessor-version":[{"id":187,"href":"https:\/\/seegasthof.net\/shop\/wp-json\/wp\/v2\/pages\/179\/revisions\/187"}],"wp:attachment":[{"href":"https:\/\/seegasthof.net\/shop\/wp-json\/wp\/v2\/media?parent=179"}],"curies":[{"name":"wp","href":"https:\/\/api.w.org\/{rel}","templated":true}]}}