{"id":541,"date":"2025-07-17T12:00:57","date_gmt":"2025-07-17T10:00:57","guid":{"rendered":"https:\/\/seegasthof.net\/shop\/?page_id=541"},"modified":"2025-07-17T12:15:00","modified_gmt":"2025-07-17T10:15:00","slug":"barrierefreiheit","status":"publish","type":"page","link":"https:\/\/seegasthof.net\/shop\/barrierefreiheit\/","title":{"rendered":"Barrierefreiheit"},"content":{"rendered":"\n<h3 class=\"wp-block-heading\">Erkl\u00e4rung zur Barrierefreiheit<\/h3>\n\n\n\n<p>Wir (Seegasthof Espachweiler) als Websitebetreiber sind bem\u00fcht, die Website in Einklang mit den einschl\u00e4gigen Vorschriften zur Barrierefreiheit zu gestalten. F\u00fcr uns gelten folgende Rechtsvorschriften:<\/p>\n\n\n\n<p>Landesgesetz zur Gleichstellung von Menschen mit Behinderungen (Landes-Behindertengleichstellungsgesetz \u2013 L-BGG) und L-BGG-Durchf\u00fchrungsverordnung<\/p>\n\n\n\n<h4 class=\"wp-block-heading\">Website<\/h4>\n\n\n\n<p>Diese Erkl\u00e4rung zur Barrierefreiheit gilt f\u00fcr die Website <a href=\"https:\/\/seegasthof.net\/shop\" title=\"\">https:\/\/seegasthof.net\/shop<\/a><\/p>\n\n\n\n<h4 class=\"wp-block-heading\">Stand der Barrierefreiheit<\/h4>\n\n\n\n<p>Grundlage der Barrierefreiheit sind die international g\u00fcltigen Web Content Accessibility Guidelines (WCAG 2.1) auf Konformit\u00e4tsstufe AA und die europ\u00e4ische Norm EN 301 549, Version 3.2.1. Diese Webseite erf\u00fcllt nach Lighthouse die Barrierefreiheit zu 96%.<br><em>Hinweis: Nicht alle Barrieren lassen sich automatisiert erfassen \u2013 eine manuelle Pr\u00fcfung kann zus\u00e4tzliche Erkenntnisse liefern.<\/em><\/p>\n\n\n\n<h4 class=\"wp-block-heading\">Ver\u00f6ffentlichungsdatum der Website<\/h4>\n\n\n\n<p>Diese Website wurde am 10.04.2024 ver\u00f6ffentlicht.<\/p>\n\n\n\n<h4 class=\"wp-block-heading\">Letzte Aktualisierung der Website<\/h4>\n\n\n\n<p>Diese Website wurde zuletzt am 17.07.2025 in wesentlichen Punkten \u00fcberarbeitet.<\/p>\n\n\n\n<h4 class=\"wp-block-heading\">Feedback und Kontaktangaben<\/h4>\n\n\n\n<p>Sind Ihnen M\u00e4ngel beim barrierefreien Zugang zu Inhalten auf unserer Website aufgefallen oder haben Sie Anmerkungen sowie Fragen zum barrierefreien Zugang? Melden Sie sich gerne bei uns unter:<\/p>\n\n\n\n<p>Seegasthof Espachweiler Franz Bolz GbR<br>Bussardweg 1<br>73479 Ellwangen-Espachweiler<br>Telefon: +49(0)7961-7760<br>Fax: +49(0)7961-53846<br>E-Mail: seegasthof@t-online.de<br>Internet: http:\/\/www.seegasthof.net<\/p>\n\n\n\n<h4 class=\"wp-block-heading\">Weitergehende Ma\u00dfnahmen zur Verbesserung des barrierefreien Zugangs zu unserer Website<\/h4>\n\n\n\n<p>Wir bem\u00fchen uns stets um die Verbesserung der barrierefreien Zugangsm\u00f6glichkeiten zu unserer Website. Derzeit tun wir hierzu Folgendes: Eine kontinuierliche Verbesserung der Barrierefreiheit wird angestrebt.<\/p>\n\n\n\n<h4 class=\"wp-block-heading\">Evaluationsmethode<\/h4>\n\n\n\n<p>Test mit Google DEV-Tool \u201aLighthouse\u2018 \/ 96 %.<\/p>\n\n\n\n<h4 class=\"wp-block-heading\">Erstellung dieser Erkl\u00e4rung zur Barrierefreiheit<\/h4>\n\n\n\n<p>Diese Erkl\u00e4rung wurde am 17.07.2025 erstellt.<br>Die Erkl\u00e4rung wurde zuletzt am 17.07.2025 \u00fcberpr\u00fcft.<\/p>\n\n\n\n<p>Quelle: <a href=\"https:\/\/www.e-recht24.de\/barrierefreiheitserklaerung.html\">eRecht24<\/a><\/p>\n","protected":false},"excerpt":{"rendered":"<p>Erkl\u00e4rung zur Barrierefreiheit Wir (Seegasthof Espachweiler) als Websitebetreiber sind bem\u00fcht, die Website in Einklang mit den einschl\u00e4gigen Vorschriften zur Barrierefreiheit zu gestalten. F\u00fcr uns gelten folgende Rechtsvorschriften: Landesgesetz zur Gleichstellung von Menschen mit Behinderungen (Landes-Behindertengleichstellungsgesetz \u2013 L-BGG) und L-BGG-Durchf\u00fchrungsverordnung Website Diese Erkl\u00e4rung zur Barrierefreiheit gilt f\u00fcr die Website https:\/\/seegasthof.net\/shop Stand der Barrierefreiheit Grundlage der Barrierefreiheit [&hellip;]<\/p>\n","protected":false},"author":1,"featured_media":0,"parent":0,"menu_order":0,"comment_status":"closed","ping_status":"closed","template":"page-no-title","meta":{"footnotes":""},"class_list":["post-541","page","type-page","status-publish","hentry"],"aioseo_notices":[],"_links":{"self":[{"href":"https:\/\/seegasthof.net\/shop\/wp-json\/wp\/v2\/pages\/541","targetHints":{"allow":["GET"]}}],"collection":[{"href":"https:\/\/seegasthof.net\/shop\/wp-json\/wp\/v2\/pages"}],"about":[{"href":"https:\/\/seegasthof.net\/shop\/wp-json\/wp\/v2\/types\/page"}],"author":[{"embeddable":true,"href":"https:\/\/seegasthof.net\/shop\/wp-json\/wp\/v2\/users\/1"}],"replies":[{"embeddable":true,"href":"https:\/\/seegasthof.net\/shop\/wp-json\/wp\/v2\/comments?post=541"}],"version-history":[{"count":7,"href":"https:\/\/seegasthof.net\/shop\/wp-json\/wp\/v2\/pages\/541\/revisions"}],"predecessor-version":[{"id":554,"href":"https:\/\/seegasthof.net\/shop\/wp-json\/wp\/v2\/pages\/541\/revisions\/554"}],"wp:attachment":[{"href":"https:\/\/seegasthof.net\/shop\/wp-json\/wp\/v2\/media?parent=541"}],"curies":[{"name":"wp","href":"https:\/\/api.w.org\/{rel}","templated":true}]}}